{"id":141,"date":"2022-08-21T08:35:28","date_gmt":"2022-08-21T08:35:28","guid":{"rendered":"https:\/\/ms.atarim.top\/kesem\/?page_id=141"},"modified":"2023-04-19T14:52:26","modified_gmt":"2023-04-19T14:52:26","slug":"notre-emplacement","status":"publish","type":"page","link":"https:\/\/kesem.co.il\/fr\/notre-emplacement\/","title":{"rendered":"Notre emplacement"},"content":{"rendered":"","protected":false},"excerpt":{"rendered":"","protected":false},"author":1003,"featured_media":222,"parent":0,"menu_order":0,"comment_status":"closed","ping_status":"closed","template":"","meta":{"_acf_changed":false,"_joinchat":[],"footnotes":""},"class_list":["post-141","page","type-page","status-publish","has-post-thumbnail","hentry"],"acf":[],"yoast_head":"<!-- This site is optimized with the Yoast SEO plugin v27.4 - https:\/\/yoast.com\/product\/yoast-seo-wordpress\/ -->\n<title>\u05d4\u05de\u05d9\u05e7\u05d5\u05dd-\u05e9\u05dc\u05e0\u05d5 - \u05e1\u05d5\u05d5\u05d9\u05d8\u05d5\u05ea \u05d1\u05e0\u05ea\u05e0\u05d9\u05d4 - \u05e7\u05e1\u05dd \u05e2\u05dc \u05d4\u05d9\u05dd<\/title>\n<meta name=\"description\" content=\"\u05d7\u05d5\u05e3 \u05d4\u05e2\u05d5\u05e0\u05d5\u05ea \u05d1\u05e0\u05ea\u05e0\u05d9\u05d4 \u05d4\u05d5\u05d0 \u05d0\u05d7\u05d3 \u05de\u05d7\u05d5\u05e4\u05d9 \u05d4\u05d9\u05dd \u05d4\u05de\u05d1\u05d5\u05e7\u05e9\u05d9\u05dd \u05d1\u05d9\u05e9\u05e8\u05d0\u05dc. \u05d4\u05d5\u05d0 \u05de\u05e9\u05ea\u05e8\u05e2 \u05e2\u05dc \u05d0\u05d5\u05e8\u05da \u05e9\u05dc \u05db- 2.5 \u05e7&quot;\u05de \u05d5\u05de\u05e6\u05d9\u05e2 \u05de\u05d2\u05d5\u05d5\u05df \u05e8\u05d7\u05d1 \u05e9\u05dc \u05e4\u05e2\u05d9\u05dc\u05d5\u05d9\u05d5\u05ea \u05d9\u05de\u05d9\u05d5\u05ea \u05d5\u05ea\u05db\u05e0\u05d9\u05d5\u05ea \u05d1\u05e8\u05d9\u05dd \u05d5\u05de\u05e1\u05e2\u05d3\u05d5\u05ea.\" \/>\n<meta name=\"robots\" content=\"index, follow, max-snippet:-1, max-image-preview:large, max-video-preview:-1\" \/>\n<link rel=\"canonical\" href=\"https:\/\/kesem.co.il\/fr\/notre-emplacement\/\" \/>\n<meta property=\"og:locale\" content=\"fr_FR\" \/>\n<meta property=\"og:type\" content=\"article\" \/>\n<meta property=\"og:title\" content=\"\u05d4\u05de\u05d9\u05e7\u05d5\u05dd-\u05e9\u05dc\u05e0\u05d5 - \u05e1\u05d5\u05d5\u05d9\u05d8\u05d5\u05ea \u05d1\u05e0\u05ea\u05e0\u05d9\u05d4 - \u05e7\u05e1\u05dd \u05e2\u05dc \u05d4\u05d9\u05dd\" \/>\n<meta property=\"og:description\" content=\"\u05d7\u05d5\u05e3 \u05d4\u05e2\u05d5\u05e0\u05d5\u05ea \u05d1\u05e0\u05ea\u05e0\u05d9\u05d4 \u05d4\u05d5\u05d0 \u05d0\u05d7\u05d3 \u05de\u05d7\u05d5\u05e4\u05d9 \u05d4\u05d9\u05dd \u05d4\u05de\u05d1\u05d5\u05e7\u05e9\u05d9\u05dd \u05d1\u05d9\u05e9\u05e8\u05d0\u05dc. \u05d4\u05d5\u05d0 \u05de\u05e9\u05ea\u05e8\u05e2 \u05e2\u05dc \u05d0\u05d5\u05e8\u05da \u05e9\u05dc \u05db- 2.5 \u05e7&quot;\u05de \u05d5\u05de\u05e6\u05d9\u05e2 \u05de\u05d2\u05d5\u05d5\u05df \u05e8\u05d7\u05d1 \u05e9\u05dc \u05e4\u05e2\u05d9\u05dc\u05d5\u05d9\u05d5\u05ea \u05d9\u05de\u05d9\u05d5\u05ea \u05d5\u05ea\u05db\u05e0\u05d9\u05d5\u05ea \u05d1\u05e8\u05d9\u05dd \u05d5\u05de\u05e1\u05e2\u05d3\u05d5\u05ea.\" \/>\n<meta property=\"og:url\" content=\"https:\/\/kesem.co.il\/fr\/notre-emplacement\/\" \/>\n<meta property=\"og:site_name\" content=\"\u05e1\u05d5\u05d5\u05d9\u05d8\u05d5\u05ea \u05d1\u05e0\u05ea\u05e0\u05d9\u05d4 - \u05e7\u05e1\u05dd \u05e2\u05dc \u05d4\u05d9\u05dd\" \/>\n<meta property=\"article:publisher\" content=\"https:\/\/www.facebook.com\/Kesem\/\" \/>\n<meta property=\"article:modified_time\" content=\"2023-04-19T14:52:26+00:00\" \/>\n<meta property=\"og:image\" content=\"https:\/\/kesem.co.il\/wp-content\/uploads\/sites\/13\/2022\/09\/\u05d7\u05d5\u05e3.jpg\" \/>\n\t<meta property=\"og:image:width\" content=\"1680\" \/>\n\t<meta property=\"og:image:height\" content=\"560\" \/>\n\t<meta property=\"og:image:type\" content=\"image\/jpeg\" \/>\n<meta name=\"twitter:card\" content=\"summary_large_image\" \/>\n<script type=\"application\/ld+json\" class=\"yoast-schema-graph\">{\"@context\":\"https:\\\/\\\/schema.org\",\"@graph\":[{\"@type\":\"WebPage\",\"@id\":\"https:\\\/\\\/kesem.co.il\\\/%d7%94%d7%9e%d7%99%d7%a7%d7%95%d7%9d-%d7%a9%d7%9c%d7%a0%d7%95\\\/\",\"url\":\"https:\\\/\\\/kesem.co.il\\\/%d7%94%d7%9e%d7%99%d7%a7%d7%95%d7%9d-%d7%a9%d7%9c%d7%a0%d7%95\\\/\",\"name\":\"\u05d4\u05de\u05d9\u05e7\u05d5\u05dd-\u05e9\u05dc\u05e0\u05d5 - \u05e1\u05d5\u05d5\u05d9\u05d8\u05d5\u05ea \u05d1\u05e0\u05ea\u05e0\u05d9\u05d4 - \u05e7\u05e1\u05dd \u05e2\u05dc \u05d4\u05d9\u05dd\",\"isPartOf\":{\"@id\":\"https:\\\/\\\/kesem.co.il\\\/#website\"},\"primaryImageOfPage\":{\"@id\":\"https:\\\/\\\/kesem.co.il\\\/%d7%94%d7%9e%d7%99%d7%a7%d7%95%d7%9d-%d7%a9%d7%9c%d7%a0%d7%95\\\/#primaryimage\"},\"image\":{\"@id\":\"https:\\\/\\\/kesem.co.il\\\/%d7%94%d7%9e%d7%99%d7%a7%d7%95%d7%9d-%d7%a9%d7%9c%d7%a0%d7%95\\\/#primaryimage\"},\"thumbnailUrl\":\"https:\\\/\\\/kesem.co.il\\\/wp-content\\\/uploads\\\/sites\\\/13\\\/2022\\\/09\\\/\u05d7\u05d5\u05e3.jpg\",\"datePublished\":\"2022-08-21T08:35:28+00:00\",\"dateModified\":\"2023-04-19T14:52:26+00:00\",\"description\":\"\u05d7\u05d5\u05e3 \u05d4\u05e2\u05d5\u05e0\u05d5\u05ea \u05d1\u05e0\u05ea\u05e0\u05d9\u05d4 \u05d4\u05d5\u05d0 \u05d0\u05d7\u05d3 \u05de\u05d7\u05d5\u05e4\u05d9 \u05d4\u05d9\u05dd \u05d4\u05de\u05d1\u05d5\u05e7\u05e9\u05d9\u05dd \u05d1\u05d9\u05e9\u05e8\u05d0\u05dc. \u05d4\u05d5\u05d0 \u05de\u05e9\u05ea\u05e8\u05e2 \u05e2\u05dc \u05d0\u05d5\u05e8\u05da \u05e9\u05dc \u05db- 2.5 \u05e7\\\"\u05de \u05d5\u05de\u05e6\u05d9\u05e2 \u05de\u05d2\u05d5\u05d5\u05df \u05e8\u05d7\u05d1 \u05e9\u05dc \u05e4\u05e2\u05d9\u05dc\u05d5\u05d9\u05d5\u05ea \u05d9\u05de\u05d9\u05d5\u05ea \u05d5\u05ea\u05db\u05e0\u05d9\u05d5\u05ea \u05d1\u05e8\u05d9\u05dd \u05d5\u05de\u05e1\u05e2\u05d3\u05d5\u05ea.\",\"breadcrumb\":{\"@id\":\"https:\\\/\\\/kesem.co.il\\\/%d7%94%d7%9e%d7%99%d7%a7%d7%95%d7%9d-%d7%a9%d7%9c%d7%a0%d7%95\\\/#breadcrumb\"},\"inLanguage\":\"fr-FR\",\"potentialAction\":[{\"@type\":\"ReadAction\",\"target\":[\"https:\\\/\\\/kesem.co.il\\\/%d7%94%d7%9e%d7%99%d7%a7%d7%95%d7%9d-%d7%a9%d7%9c%d7%a0%d7%95\\\/\"]}]},{\"@type\":\"ImageObject\",\"inLanguage\":\"fr-FR\",\"@id\":\"https:\\\/\\\/kesem.co.il\\\/%d7%94%d7%9e%d7%99%d7%a7%d7%95%d7%9d-%d7%a9%d7%9c%d7%a0%d7%95\\\/#primaryimage\",\"url\":\"https:\\\/\\\/kesem.co.il\\\/wp-content\\\/uploads\\\/sites\\\/13\\\/2022\\\/09\\\/\u05d7\u05d5\u05e3.jpg\",\"contentUrl\":\"https:\\\/\\\/kesem.co.il\\\/wp-content\\\/uploads\\\/sites\\\/13\\\/2022\\\/09\\\/\u05d7\u05d5\u05e3.jpg\",\"width\":1680,\"height\":560},{\"@type\":\"BreadcrumbList\",\"@id\":\"https:\\\/\\\/kesem.co.il\\\/%d7%94%d7%9e%d7%99%d7%a7%d7%95%d7%9d-%d7%a9%d7%9c%d7%a0%d7%95\\\/#breadcrumb\",\"itemListElement\":[{\"@type\":\"ListItem\",\"position\":1,\"name\":\"\u05d3\u05e3 \u05d4\u05d1\u05d9\u05ea\",\"item\":\"https:\\\/\\\/kesem.co.il\\\/\"},{\"@type\":\"ListItem\",\"position\":2,\"name\":\"\u05d4\u05de\u05d9\u05e7\u05d5\u05dd-\u05e9\u05dc\u05e0\u05d5\"}]},{\"@type\":\"WebSite\",\"@id\":\"https:\\\/\\\/kesem.co.il\\\/#website\",\"url\":\"https:\\\/\\\/kesem.co.il\\\/\",\"name\":\"\u05e1\u05d5\u05d5\u05d9\u05d8\u05d5\u05ea \u05d1\u05e0\u05ea\u05e0\u05d9\u05d4 - \u05e7\u05e1\u05dd \u05e2\u05dc \u05d4\u05d9\u05dd\",\"description\":\"\u05d7\u05d5\u05e4\u05e9\u05d4 \u05d7\u05dc\u05d5\u05de\u05d9\u05ea \u05e2\u05dd \u05d2&#039;\u05e7\u05d5\u05d6\u05d9 \u05d0\u05d9\u05d8\u05dc\u05e7\u05d9 \u05d9\u05d7\u05d3 \u05e2\u05dd \u05e8\u05d7\u05e9 \u05d4\u05d2\u05dc\u05d9\u05dd \u05d5\u05d1\u05e8\u05d9\u05db\u05d4 \u05e4\u05e8\u05d8\u05d9\u05ea \u05d1\u05db\u05dc \u05d4\u05e1\u05d5\u05d5\u05d9\u05d8\u05d5\u05ea \u05d4\u05d9\u05d5\u05e7\u05e8\u05ea\u05d9\u05d5\u05ea \u05e9\u05dc\u05e0\u05d5 \u05d1\u05e0\u05ea\u05e0\u05d9\u05d4\",\"publisher\":{\"@id\":\"https:\\\/\\\/kesem.co.il\\\/#organization\"},\"potentialAction\":[{\"@type\":\"SearchAction\",\"target\":{\"@type\":\"EntryPoint\",\"urlTemplate\":\"https:\\\/\\\/kesem.co.il\\\/?s={search_term_string}\"},\"query-input\":{\"@type\":\"PropertyValueSpecification\",\"valueRequired\":true,\"valueName\":\"search_term_string\"}}],\"inLanguage\":\"fr-FR\"},{\"@type\":\"Organization\",\"@id\":\"https:\\\/\\\/kesem.co.il\\\/#organization\",\"name\":\"\u05e1\u05d5\u05d5\u05d9\u05d8\u05d5\u05ea \u05d1\u05e0\u05ea\u05e0\u05d9\u05d4 \u05e7\u05e1\u05dd \u05e2\u05dc \u05d4\u05d9\u05dd\",\"url\":\"https:\\\/\\\/kesem.co.il\\\/\",\"logo\":{\"@type\":\"ImageObject\",\"inLanguage\":\"fr-FR\",\"@id\":\"https:\\\/\\\/kesem.co.il\\\/#\\\/schema\\\/logo\\\/image\\\/\",\"url\":\"https:\\\/\\\/kesem.co.il\\\/wp-content\\\/uploads\\\/sites\\\/13\\\/2022\\\/08\\\/\u05e7\u05e1\u05dd-\u05e2\u05dc-\u05d4\u05d9\u05dd.png\",\"contentUrl\":\"https:\\\/\\\/kesem.co.il\\\/wp-content\\\/uploads\\\/sites\\\/13\\\/2022\\\/08\\\/\u05e7\u05e1\u05dd-\u05e2\u05dc-\u05d4\u05d9\u05dd.png\",\"width\":300,\"height\":300,\"caption\":\"\u05e1\u05d5\u05d5\u05d9\u05d8\u05d5\u05ea \u05d1\u05e0\u05ea\u05e0\u05d9\u05d4 \u05e7\u05e1\u05dd \u05e2\u05dc \u05d4\u05d9\u05dd\"},\"image\":{\"@id\":\"https:\\\/\\\/kesem.co.il\\\/#\\\/schema\\\/logo\\\/image\\\/\"},\"sameAs\":[\"https:\\\/\\\/www.facebook.com\\\/Kesem\\\/\",\"https:\\\/\\\/www.youtube.com\\\/channel\\\/UC5wMIoiYcxSuQcMAWevyF6A\"]}]}<\/script>\n<!-- \/ Yoast SEO plugin. -->","yoast_head_json":{"title":"Notre emplacement - Suites \u00e0 Netanya - Magic on the Sea","description":"La plage des Saisons de Netanya est l&#039;une des plus pris\u00e9es d&#039;Isra\u00ebl. Elle s&#039;\u00e9tend sur environ 2,5 km et propose une grande vari\u00e9t\u00e9 d&#039;activit\u00e9s nautiques et de bars et restaurants.","robots":{"index":"index","follow":"follow","max-snippet":"max-snippet:-1","max-image-preview":"max-image-preview:large","max-video-preview":"max-video-preview:-1"},"canonical":"https:\/\/kesem.co.il\/fr\/notre-emplacement\/","og_locale":"fr_FR","og_type":"article","og_title":"\u05d4\u05de\u05d9\u05e7\u05d5\u05dd-\u05e9\u05dc\u05e0\u05d5 - \u05e1\u05d5\u05d5\u05d9\u05d8\u05d5\u05ea \u05d1\u05e0\u05ea\u05e0\u05d9\u05d4 - \u05e7\u05e1\u05dd \u05e2\u05dc \u05d4\u05d9\u05dd","og_description":"\u05d7\u05d5\u05e3 \u05d4\u05e2\u05d5\u05e0\u05d5\u05ea \u05d1\u05e0\u05ea\u05e0\u05d9\u05d4 \u05d4\u05d5\u05d0 \u05d0\u05d7\u05d3 \u05de\u05d7\u05d5\u05e4\u05d9 \u05d4\u05d9\u05dd \u05d4\u05de\u05d1\u05d5\u05e7\u05e9\u05d9\u05dd \u05d1\u05d9\u05e9\u05e8\u05d0\u05dc. \u05d4\u05d5\u05d0 \u05de\u05e9\u05ea\u05e8\u05e2 \u05e2\u05dc \u05d0\u05d5\u05e8\u05da \u05e9\u05dc \u05db- 2.5 \u05e7\"\u05de \u05d5\u05de\u05e6\u05d9\u05e2 \u05de\u05d2\u05d5\u05d5\u05df \u05e8\u05d7\u05d1 \u05e9\u05dc \u05e4\u05e2\u05d9\u05dc\u05d5\u05d9\u05d5\u05ea \u05d9\u05de\u05d9\u05d5\u05ea \u05d5\u05ea\u05db\u05e0\u05d9\u05d5\u05ea \u05d1\u05e8\u05d9\u05dd \u05d5\u05de\u05e1\u05e2\u05d3\u05d5\u05ea.","og_url":"https:\/\/kesem.co.il\/fr\/notre-emplacement\/","og_site_name":"\u05e1\u05d5\u05d5\u05d9\u05d8\u05d5\u05ea \u05d1\u05e0\u05ea\u05e0\u05d9\u05d4 - \u05e7\u05e1\u05dd \u05e2\u05dc \u05d4\u05d9\u05dd","article_publisher":"https:\/\/www.facebook.com\/Kesem\/","article_modified_time":"2023-04-19T14:52:26+00:00","og_image":[{"width":1680,"height":560,"url":"https:\/\/kesem.co.il\/wp-content\/uploads\/sites\/13\/2022\/09\/\u05d7\u05d5\u05e3.jpg","type":"image\/jpeg"}],"twitter_card":"summary_large_image","schema":{"@context":"https:\/\/schema.org","@graph":[{"@type":"WebPage","@id":"https:\/\/kesem.co.il\/%d7%94%d7%9e%d7%99%d7%a7%d7%95%d7%9d-%d7%a9%d7%9c%d7%a0%d7%95\/","url":"https:\/\/kesem.co.il\/%d7%94%d7%9e%d7%99%d7%a7%d7%95%d7%9d-%d7%a9%d7%9c%d7%a0%d7%95\/","name":"Notre emplacement - Suites \u00e0 Netanya - Magic on the Sea","isPartOf":{"@id":"https:\/\/kesem.co.il\/#website"},"primaryImageOfPage":{"@id":"https:\/\/kesem.co.il\/%d7%94%d7%9e%d7%99%d7%a7%d7%95%d7%9d-%d7%a9%d7%9c%d7%a0%d7%95\/#primaryimage"},"image":{"@id":"https:\/\/kesem.co.il\/%d7%94%d7%9e%d7%99%d7%a7%d7%95%d7%9d-%d7%a9%d7%9c%d7%a0%d7%95\/#primaryimage"},"thumbnailUrl":"https:\/\/kesem.co.il\/wp-content\/uploads\/sites\/13\/2022\/09\/\u05d7\u05d5\u05e3.jpg","datePublished":"2022-08-21T08:35:28+00:00","dateModified":"2023-04-19T14:52:26+00:00","description":"La plage des Saisons de Netanya est l&#039;une des plus pris\u00e9es d&#039;Isra\u00ebl. Elle s&#039;\u00e9tend sur environ 2,5 km et propose une grande vari\u00e9t\u00e9 d&#039;activit\u00e9s nautiques et de bars et restaurants.","breadcrumb":{"@id":"https:\/\/kesem.co.il\/%d7%94%d7%9e%d7%99%d7%a7%d7%95%d7%9d-%d7%a9%d7%9c%d7%a0%d7%95\/#breadcrumb"},"inLanguage":"fr-FR","potentialAction":[{"@type":"ReadAction","target":["https:\/\/kesem.co.il\/%d7%94%d7%9e%d7%99%d7%a7%d7%95%d7%9d-%d7%a9%d7%9c%d7%a0%d7%95\/"]}]},{"@type":"ImageObject","inLanguage":"fr-FR","@id":"https:\/\/kesem.co.il\/%d7%94%d7%9e%d7%99%d7%a7%d7%95%d7%9d-%d7%a9%d7%9c%d7%a0%d7%95\/#primaryimage","url":"https:\/\/kesem.co.il\/wp-content\/uploads\/sites\/13\/2022\/09\/\u05d7\u05d5\u05e3.jpg","contentUrl":"https:\/\/kesem.co.il\/wp-content\/uploads\/sites\/13\/2022\/09\/\u05d7\u05d5\u05e3.jpg","width":1680,"height":560},{"@type":"BreadcrumbList","@id":"https:\/\/kesem.co.il\/%d7%94%d7%9e%d7%99%d7%a7%d7%95%d7%9d-%d7%a9%d7%9c%d7%a0%d7%95\/#breadcrumb","itemListElement":[{"@type":"ListItem","position":1,"name":"\u05d3\u05e3 \u05d4\u05d1\u05d9\u05ea","item":"https:\/\/kesem.co.il\/"},{"@type":"ListItem","position":2,"name":"\u05d4\u05de\u05d9\u05e7\u05d5\u05dd-\u05e9\u05dc\u05e0\u05d5"}]},{"@type":"WebSite","@id":"https:\/\/kesem.co.il\/#website","url":"https:\/\/kesem.co.il\/","name":"Suites \u00e0 Netanya \u2013 Magie sur la mer","description":"Des vacances de r\u00eave avec un jacuzzi italien accompagn\u00e9 du bruit des vagues et d&#039;une piscine priv\u00e9e dans toutes nos suites luxueuses \u00e0 Netanya","publisher":{"@id":"https:\/\/kesem.co.il\/#organization"},"potentialAction":[{"@type":"SearchAction","target":{"@type":"EntryPoint","urlTemplate":"https:\/\/kesem.co.il\/?s={search_term_string}"},"query-input":{"@type":"PropertyValueSpecification","valueRequired":true,"valueName":"search_term_string"}}],"inLanguage":"fr-FR"},{"@type":"Organization","@id":"https:\/\/kesem.co.il\/#organization","name":"Suites \u00e0 Netanya Magic by the Sea","url":"https:\/\/kesem.co.il\/","logo":{"@type":"ImageObject","inLanguage":"fr-FR","@id":"https:\/\/kesem.co.il\/#\/schema\/logo\/image\/","url":"https:\/\/kesem.co.il\/wp-content\/uploads\/sites\/13\/2022\/08\/\u05e7\u05e1\u05dd-\u05e2\u05dc-\u05d4\u05d9\u05dd.png","contentUrl":"https:\/\/kesem.co.il\/wp-content\/uploads\/sites\/13\/2022\/08\/\u05e7\u05e1\u05dd-\u05e2\u05dc-\u05d4\u05d9\u05dd.png","width":300,"height":300,"caption":"\u05e1\u05d5\u05d5\u05d9\u05d8\u05d5\u05ea \u05d1\u05e0\u05ea\u05e0\u05d9\u05d4 \u05e7\u05e1\u05dd \u05e2\u05dc \u05d4\u05d9\u05dd"},"image":{"@id":"https:\/\/kesem.co.il\/#\/schema\/logo\/image\/"},"sameAs":["https:\/\/www.facebook.com\/Kesem\/","https:\/\/www.youtube.com\/channel\/UC5wMIoiYcxSuQcMAWevyF6A"]}]}},"_links":{"self":[{"href":"https:\/\/kesem.co.il\/fr\/wp-json\/wp\/v2\/pages\/141","targetHints":{"allow":["GET"]}}],"collection":[{"href":"https:\/\/kesem.co.il\/fr\/wp-json\/wp\/v2\/pages"}],"about":[{"href":"https:\/\/kesem.co.il\/fr\/wp-json\/wp\/v2\/types\/page"}],"author":[{"embeddable":true,"href":"https:\/\/kesem.co.il\/fr\/wp-json\/wp\/v2\/users\/1003"}],"replies":[{"embeddable":true,"href":"https:\/\/kesem.co.il\/fr\/wp-json\/wp\/v2\/comments?post=141"}],"version-history":[{"count":1,"href":"https:\/\/kesem.co.il\/fr\/wp-json\/wp\/v2\/pages\/141\/revisions"}],"predecessor-version":[{"id":142,"href":"https:\/\/kesem.co.il\/fr\/wp-json\/wp\/v2\/pages\/141\/revisions\/142"}],"wp:featuredmedia":[{"embeddable":true,"href":"https:\/\/kesem.co.il\/fr\/wp-json\/wp\/v2\/media\/222"}],"wp:attachment":[{"href":"https:\/\/kesem.co.il\/fr\/wp-json\/wp\/v2\/media?parent=141"}],"curies":[{"name":"wp","href":"https:\/\/api.w.org\/{rel}","templated":true}]}}