{"id":489,"date":"2024-04-02T11:53:01","date_gmt":"2024-04-02T11:53:01","guid":{"rendered":"https:\/\/kesem.co.il\/?page_id=489"},"modified":"2024-04-02T11:53:01","modified_gmt":"2024-04-02T11:53:01","slug":"suites-de-luxe-parfaites-pour-pessah-avec-piscine-privee","status":"publish","type":"page","link":"https:\/\/kesem.co.il\/fr\/suites-de-luxe-parfaites-pour-pessah-avec-piscine-privee\/","title":{"rendered":"Pessah parfait : Suites de luxe avec piscine priv\u00e9e et jacuzzi pour les familles religieuses pour Pessah et Shabbat HaGal."},"content":{"rendered":"<p data-sourcepos=\"7:1-7:103\"><strong>Vous cherchez l&#039;endroit id\u00e9al pour c\u00e9l\u00e9brer Pessah en famille ? Des suites luxueuses avec piscine priv\u00e9e et jacuzzi sont la solution id\u00e9ale !<\/strong><\/p>\n<p data-sourcepos=\"11:1-11:21\"><strong>Salle \u00e0 manger priv\u00e9e pour 30 convives !<\/strong><\/p>\n<p data-sourcepos=\"11:1-11:21\"><strong>Une exp\u00e9rience inoubliable :<\/strong><\/p>\n<ul data-sourcepos=\"13:1-17:0\">\n<li data-sourcepos=\"13:1-13:55\">Suites spacieuses \u00e9quip\u00e9es de tout ce dont vous avez besoin pour des vacances parfaites.<\/li>\n<li data-sourcepos=\"14:1-14:46\">Une piscine priv\u00e9e et un jacuzzi pour profiter tout au long de vos vacances \u00e0 Hol Hamoed.<\/li>\n<li data-sourcepos=\"15:1-15:45\">Emplacement id\u00e9al, \u00e0 proximit\u00e9 des synagogues et de la plage de Sanz, des attractions et de la nature.<\/li>\n<li data-sourcepos=\"16:1-17:0\">Service personnalis\u00e9 et attentionn\u00e9, avec une attention port\u00e9e \u00e0 chaque d\u00e9tail.<\/li>\n<\/ul>\n<p data-sourcepos=\"18:1-18:35\"><strong>Avantages uniques pour les familles religieuses :<\/strong><\/p>\n<ul data-sourcepos=\"20:1-24:0\">\n<li data-sourcepos=\"20:1-20:36\">Cuisine enti\u00e8rement \u00e9quip\u00e9e comprenant des plats casher pour Pessah.<\/li>\n<li data-sourcepos=\"21:1-21:22\">Une synagogue \u00e0 proximit\u00e9.<\/li>\n<li data-sourcepos=\"22:1-22:29\">Possibilit\u00e9 de commander des repas casher.<\/li>\n<li data-sourcepos=\"23:1-24:0\">Environnement calme et paisible.<\/li>\n<\/ul>\n<p data-sourcepos=\"25:1-25:19\"><strong>Opportunit\u00e9 sp\u00e9ciale :<\/strong><\/p>\n<p data-sourcepos=\"27:1-27:45\"><strong>Commandez maintenant et profitez d&#039;un prix sp\u00e9cial pour Pessah !<\/strong><\/p>\n<p data-sourcepos=\"31:1-31:53\"><strong>Pour plus de d\u00e9tails et r\u00e9servations, appelez maintenant : <a href=\"tel:0533412476\">053-341-2476<\/a><\/strong><\/p>\n<p data-sourcepos=\"33:1-33:37\"><strong>N&#039;attendez plus, les places se remplissent vite !<\/strong><\/p>","protected":false},"excerpt":{"rendered":"<p>\u05de\u05d7\u05e4\u05e9\u05d9\u05dd \u05de\u05e7\u05d5\u05dd \u05de\u05d5\u05e9\u05dc\u05dd \u05dc\u05d7\u05d2\u05d5\u05d2 \u05d0\u05ea \u05e4\u05e1\u05d7 \u05e2\u05dd \u05d4\u05de\u05e9\u05e4\u05d7\u05d4? \u05e1\u05d5\u05d5\u05d9\u05d8\u05d5\u05ea \u05d9\u05d5\u05e7\u05e8\u05d4 \u05e2\u05dd \u05d1\u05e8\u05d9\u05db\u05d4 \u05e4\u05e8\u05d8\u05d9\u05ea \u05d5\u05d2'\u05e7\u05d5\u05d6\u05d9 \u05d4\u05df \u05d4\u05e4\u05ea\u05e8\u05d5\u05df \u05d4\u05de\u05d5\u05e9\u05dc\u05dd \u05e2\u05d1\u05d5\u05e8\u05db\u05dd! \u05d7\u05d3\u05e8 \u05d0\u05d5\u05db\u05dc \u05e4\u05e8\u05d8\u05d9 \u05dc 30 \u05e1\u05d5\u05e2\u05d3\u05d9\u05dd! \u05d7\u05d5\u05d5\u05d9\u05d4 \u05d1\u05dc\u05ea\u05d9 \u05e0\u05e9\u05db\u05d7\u05ea: \u05e1\u05d5\u05d5\u05d9\u05d8\u05d5\u05ea \u05de\u05e8\u05d5\u05d5\u05d7\u05d5\u05ea \u05d5\u05de\u05d0\u05d5\u05d1\u05d6\u05e8\u05d5\u05ea \u05d1\u05db\u05dc \u05de\u05d4 \u05e9\u05e6\u05e8\u05d9\u05da \u05dc\u05d7\u05d5\u05e4\u05e9\u05d4 \u05de\u05d5\u05e9\u05dc\u05de\u05ea. \u05d1\u05e8\u05d9\u05db\u05d4 \u05e4\u05e8\u05d8\u05d9\u05ea \u05d5\u05d2'\u05e7\u05d5\u05d6\u05d9 \u05dc\u05d9\u05d4\u05e0\u05d5\u05ea \u05d1\u05d4\u05dd \u05dc\u05d0\u05d5\u05e8\u05da \u05db\u05dc \u05d7\u05d5\u05dc \u05d4\u05de\u05d5\u05e2\u05d3. \u05de\u05d9\u05e7\u05d5\u05dd \u05de\u05d5\u05e9\u05dc\u05dd, \u05e7\u05e8\u05d5\u05d1 \u05dc\u05d1\u05ea\u05d9 \u05db\u05e0\u05e1\u05ea \u05d5\u05dc\u05d7\u05d5\u05e3 \u05e6\u05d0\u05e0\u05d6, \u05d0\u05d8\u05e8\u05e7\u05e6\u05d9\u05d5\u05ea \u05d5\u05d8\u05d1\u05e2. \u05e9\u05d9\u05e8\u05d5\u05ea \u05d0\u05d9\u05e9\u05d9 [&hellip;]<\/p>\n","protected":false},"author":1003,"featured_media":490,"parent":0,"menu_order":0,"comment_status":"closed","ping_status":"closed","template":"","meta":{"_acf_changed":false,"_joinchat":[],"footnotes":""},"class_list":["post-489","page","type-page","status-publish","has-post-thumbnail","hentry"],"acf":[],"yoast_head":"<!-- This site is optimized with the Yoast SEO plugin v27.4 - https:\/\/yoast.com\/product\/yoast-seo-wordpress\/ -->\n<title>\u05e4\u05e1\u05d7 \u05de\u05d5\u05e9\u05dc\u05dd: \u05e1\u05d5\u05d5\u05d9\u05d8\u05d5\u05ea \u05d9\u05d5\u05e7\u05e8\u05d4 \u05e2\u05dd \u05d1\u05e8\u05d9\u05db\u05d4 \u05e4\u05e8\u05d8\u05d9\u05ea \u05d5\u05d2&#039;\u05e7\u05d5\u05d6\u05d9 \u05dc\u05de\u05e9\u05e4\u05d7\u05d5\u05ea \u05d3\u05ea\u05d9\u05d5\u05ea \u05dc\u05e4\u05e1\u05d7 \u05d5\u05dc\u05e9\u05d1\u05ea \u05d4\u05d2\u05d3\u05d5\u05dc<\/title>\n<meta name=\"description\" content=\"\u05de\u05d7\u05e4\u05e9\u05d9\u05dd \u05de\u05e7\u05d5\u05dd \u05de\u05d5\u05e9\u05dc\u05dd \u05dc\u05d7\u05d2\u05d5\u05d2 \u05d0\u05ea \u05e4\u05e1\u05d7 \u05e2\u05dd \u05d4\u05de\u05e9\u05e4\u05d7\u05d4? \u05e1\u05d5\u05d5\u05d9\u05d8\u05d5\u05ea \u05d9\u05d5\u05e7\u05e8\u05d4 \u05e2\u05dd \u05d1\u05e8\u05d9\u05db\u05d4 \u05e4\u05e8\u05d8\u05d9\u05ea \u05d5\u05d2&#039;\u05e7\u05d5\u05d6\u05d9 \u05d4\u05df \u05d4\u05e4\u05ea\u05e8\u05d5\u05df \u05d4\u05de\u05d5\u05e9\u05dc\u05dd \u05e2\u05d1\u05d5\u05e8\u05db\u05dd!\" \/>\n<meta name=\"robots\" content=\"index, follow, max-snippet:-1, max-image-preview:large, max-video-preview:-1\" \/>\n<link rel=\"canonical\" href=\"https:\/\/kesem.co.il\/fr\/suites-de-luxe-parfaites-pour-pessah-avec-piscine-privee\/\" \/>\n<meta property=\"og:locale\" content=\"fr_FR\" \/>\n<meta property=\"og:type\" content=\"article\" \/>\n<meta property=\"og:title\" content=\"\u05e4\u05e1\u05d7 \u05de\u05d5\u05e9\u05dc\u05dd: \u05e1\u05d5\u05d5\u05d9\u05d8\u05d5\u05ea \u05d9\u05d5\u05e7\u05e8\u05d4 \u05e2\u05dd \u05d1\u05e8\u05d9\u05db\u05d4 \u05e4\u05e8\u05d8\u05d9\u05ea \u05d5\u05d2&#039;\u05e7\u05d5\u05d6\u05d9 \u05dc\u05de\u05e9\u05e4\u05d7\u05d5\u05ea \u05d3\u05ea\u05d9\u05d5\u05ea \u05dc\u05e4\u05e1\u05d7 \u05d5\u05dc\u05e9\u05d1\u05ea \u05d4\u05d2\u05d3\u05d5\u05dc\" \/>\n<meta property=\"og:description\" content=\"\u05de\u05d7\u05e4\u05e9\u05d9\u05dd \u05de\u05e7\u05d5\u05dd \u05de\u05d5\u05e9\u05dc\u05dd \u05dc\u05d7\u05d2\u05d5\u05d2 \u05d0\u05ea \u05e4\u05e1\u05d7 \u05e2\u05dd \u05d4\u05de\u05e9\u05e4\u05d7\u05d4? \u05e1\u05d5\u05d5\u05d9\u05d8\u05d5\u05ea \u05d9\u05d5\u05e7\u05e8\u05d4 \u05e2\u05dd \u05d1\u05e8\u05d9\u05db\u05d4 \u05e4\u05e8\u05d8\u05d9\u05ea \u05d5\u05d2&#039;\u05e7\u05d5\u05d6\u05d9 \u05d4\u05df \u05d4\u05e4\u05ea\u05e8\u05d5\u05df \u05d4\u05de\u05d5\u05e9\u05dc\u05dd \u05e2\u05d1\u05d5\u05e8\u05db\u05dd!\" \/>\n<meta property=\"og:url\" content=\"https:\/\/kesem.co.il\/fr\/suites-de-luxe-parfaites-pour-pessah-avec-piscine-privee\/\" \/>\n<meta property=\"og:site_name\" content=\"\u05e1\u05d5\u05d5\u05d9\u05d8\u05d5\u05ea \u05d1\u05e0\u05ea\u05e0\u05d9\u05d4 - \u05e7\u05e1\u05dd \u05e2\u05dc \u05d4\u05d9\u05dd\" \/>\n<meta property=\"article:publisher\" content=\"https:\/\/www.facebook.com\/Kesem\/\" \/>\n<meta property=\"og:image\" content=\"https:\/\/kesem.co.il\/wp-content\/uploads\/sites\/13\/2024\/04\/\u05e4\u05e1\u05d7-\u05de\u05d5\u05e9\u05dc\u05dd-\u05e1\u05d5\u05d5\u05d9\u05d8\u05d5\u05ea-\u05d9\u05d5\u05e7\u05e8\u05d4-\u05e2\u05dd-\u05d1\u05e8\u05d9\u05db\u05d4-\u05e4\u05e8\u05d8\u05d9\u05ea-\u05d5\u05d2\u05e7\u05d5\u05d6\u05d9-\u05dc\u05de\u05e9\u05e4\u05d7\u05d5\u05ea-\u05d3\u05ea\u05d9\u05d5\u05ea-\u05dc\u05e4\u05e1\u05d7-\u05d5\u05dc\u05e9\u05d1\u05ea-\u05d4\u05d2\u05d3\u05d5\u05dc.png\" \/>\n\t<meta property=\"og:image:width\" content=\"1456\" \/>\n\t<meta property=\"og:image:height\" content=\"816\" \/>\n\t<meta property=\"og:image:type\" content=\"image\/png\" \/>\n<meta name=\"twitter:card\" content=\"summary_large_image\" \/>\n<meta name=\"twitter:label1\" content=\"Dur\u00e9e de lecture estim\u00e9e\" \/>\n\t<meta name=\"twitter:data1\" content=\"1 minute\" \/>\n<script type=\"application\/ld+json\" class=\"yoast-schema-graph\">{\"@context\":\"https:\\\/\\\/schema.org\",\"@graph\":[{\"@type\":\"WebPage\",\"@id\":\"https:\\\/\\\/kesem.co.il\\\/%d7%a4%d7%a1%d7%97-%d7%9e%d7%95%d7%a9%d7%9c%d7%9d-%d7%a1%d7%95%d7%95%d7%99%d7%98%d7%95%d7%aa-%d7%99%d7%95%d7%a7%d7%a8%d7%94-%d7%a2%d7%9d-%d7%91%d7%a8%d7%99%d7%9b%d7%94-%d7%a4%d7%a8%d7%98%d7%99%d7%aa\\\/\",\"url\":\"https:\\\/\\\/kesem.co.il\\\/%d7%a4%d7%a1%d7%97-%d7%9e%d7%95%d7%a9%d7%9c%d7%9d-%d7%a1%d7%95%d7%95%d7%99%d7%98%d7%95%d7%aa-%d7%99%d7%95%d7%a7%d7%a8%d7%94-%d7%a2%d7%9d-%d7%91%d7%a8%d7%99%d7%9b%d7%94-%d7%a4%d7%a8%d7%98%d7%99%d7%aa\\\/\",\"name\":\"\u05e4\u05e1\u05d7 \u05de\u05d5\u05e9\u05dc\u05dd: \u05e1\u05d5\u05d5\u05d9\u05d8\u05d5\u05ea \u05d9\u05d5\u05e7\u05e8\u05d4 \u05e2\u05dd \u05d1\u05e8\u05d9\u05db\u05d4 \u05e4\u05e8\u05d8\u05d9\u05ea \u05d5\u05d2'\u05e7\u05d5\u05d6\u05d9 \u05dc\u05de\u05e9\u05e4\u05d7\u05d5\u05ea \u05d3\u05ea\u05d9\u05d5\u05ea \u05dc\u05e4\u05e1\u05d7 \u05d5\u05dc\u05e9\u05d1\u05ea \u05d4\u05d2\u05d3\u05d5\u05dc\",\"isPartOf\":{\"@id\":\"https:\\\/\\\/kesem.co.il\\\/#website\"},\"primaryImageOfPage\":{\"@id\":\"https:\\\/\\\/kesem.co.il\\\/%d7%a4%d7%a1%d7%97-%d7%9e%d7%95%d7%a9%d7%9c%d7%9d-%d7%a1%d7%95%d7%95%d7%99%d7%98%d7%95%d7%aa-%d7%99%d7%95%d7%a7%d7%a8%d7%94-%d7%a2%d7%9d-%d7%91%d7%a8%d7%99%d7%9b%d7%94-%d7%a4%d7%a8%d7%98%d7%99%d7%aa\\\/#primaryimage\"},\"image\":{\"@id\":\"https:\\\/\\\/kesem.co.il\\\/%d7%a4%d7%a1%d7%97-%d7%9e%d7%95%d7%a9%d7%9c%d7%9d-%d7%a1%d7%95%d7%95%d7%99%d7%98%d7%95%d7%aa-%d7%99%d7%95%d7%a7%d7%a8%d7%94-%d7%a2%d7%9d-%d7%91%d7%a8%d7%99%d7%9b%d7%94-%d7%a4%d7%a8%d7%98%d7%99%d7%aa\\\/#primaryimage\"},\"thumbnailUrl\":\"https:\\\/\\\/kesem.co.il\\\/wp-content\\\/uploads\\\/sites\\\/13\\\/2024\\\/04\\\/\u05e4\u05e1\u05d7-\u05de\u05d5\u05e9\u05dc\u05dd-\u05e1\u05d5\u05d5\u05d9\u05d8\u05d5\u05ea-\u05d9\u05d5\u05e7\u05e8\u05d4-\u05e2\u05dd-\u05d1\u05e8\u05d9\u05db\u05d4-\u05e4\u05e8\u05d8\u05d9\u05ea-\u05d5\u05d2\u05e7\u05d5\u05d6\u05d9-\u05dc\u05de\u05e9\u05e4\u05d7\u05d5\u05ea-\u05d3\u05ea\u05d9\u05d5\u05ea-\u05dc\u05e4\u05e1\u05d7-\u05d5\u05dc\u05e9\u05d1\u05ea-\u05d4\u05d2\u05d3\u05d5\u05dc.png\",\"datePublished\":\"2024-04-02T11:53:01+00:00\",\"description\":\"\u05de\u05d7\u05e4\u05e9\u05d9\u05dd \u05de\u05e7\u05d5\u05dd \u05de\u05d5\u05e9\u05dc\u05dd \u05dc\u05d7\u05d2\u05d5\u05d2 \u05d0\u05ea \u05e4\u05e1\u05d7 \u05e2\u05dd \u05d4\u05de\u05e9\u05e4\u05d7\u05d4? \u05e1\u05d5\u05d5\u05d9\u05d8\u05d5\u05ea \u05d9\u05d5\u05e7\u05e8\u05d4 \u05e2\u05dd \u05d1\u05e8\u05d9\u05db\u05d4 \u05e4\u05e8\u05d8\u05d9\u05ea \u05d5\u05d2'\u05e7\u05d5\u05d6\u05d9 \u05d4\u05df \u05d4\u05e4\u05ea\u05e8\u05d5\u05df \u05d4\u05de\u05d5\u05e9\u05dc\u05dd \u05e2\u05d1\u05d5\u05e8\u05db\u05dd!\",\"breadcrumb\":{\"@id\":\"https:\\\/\\\/kesem.co.il\\\/%d7%a4%d7%a1%d7%97-%d7%9e%d7%95%d7%a9%d7%9c%d7%9d-%d7%a1%d7%95%d7%95%d7%99%d7%98%d7%95%d7%aa-%d7%99%d7%95%d7%a7%d7%a8%d7%94-%d7%a2%d7%9d-%d7%91%d7%a8%d7%99%d7%9b%d7%94-%d7%a4%d7%a8%d7%98%d7%99%d7%aa\\\/#breadcrumb\"},\"inLanguage\":\"fr-FR\",\"potentialAction\":[{\"@type\":\"ReadAction\",\"target\":[\"https:\\\/\\\/kesem.co.il\\\/%d7%a4%d7%a1%d7%97-%d7%9e%d7%95%d7%a9%d7%9c%d7%9d-%d7%a1%d7%95%d7%95%d7%99%d7%98%d7%95%d7%aa-%d7%99%d7%95%d7%a7%d7%a8%d7%94-%d7%a2%d7%9d-%d7%91%d7%a8%d7%99%d7%9b%d7%94-%d7%a4%d7%a8%d7%98%d7%99%d7%aa\\\/\"]}]},{\"@type\":\"ImageObject\",\"inLanguage\":\"fr-FR\",\"@id\":\"https:\\\/\\\/kesem.co.il\\\/%d7%a4%d7%a1%d7%97-%d7%9e%d7%95%d7%a9%d7%9c%d7%9d-%d7%a1%d7%95%d7%95%d7%99%d7%98%d7%95%d7%aa-%d7%99%d7%95%d7%a7%d7%a8%d7%94-%d7%a2%d7%9d-%d7%91%d7%a8%d7%99%d7%9b%d7%94-%d7%a4%d7%a8%d7%98%d7%99%d7%aa\\\/#primaryimage\",\"url\":\"https:\\\/\\\/kesem.co.il\\\/wp-content\\\/uploads\\\/sites\\\/13\\\/2024\\\/04\\\/\u05e4\u05e1\u05d7-\u05de\u05d5\u05e9\u05dc\u05dd-\u05e1\u05d5\u05d5\u05d9\u05d8\u05d5\u05ea-\u05d9\u05d5\u05e7\u05e8\u05d4-\u05e2\u05dd-\u05d1\u05e8\u05d9\u05db\u05d4-\u05e4\u05e8\u05d8\u05d9\u05ea-\u05d5\u05d2\u05e7\u05d5\u05d6\u05d9-\u05dc\u05de\u05e9\u05e4\u05d7\u05d5\u05ea-\u05d3\u05ea\u05d9\u05d5\u05ea-\u05dc\u05e4\u05e1\u05d7-\u05d5\u05dc\u05e9\u05d1\u05ea-\u05d4\u05d2\u05d3\u05d5\u05dc.png\",\"contentUrl\":\"https:\\\/\\\/kesem.co.il\\\/wp-content\\\/uploads\\\/sites\\\/13\\\/2024\\\/04\\\/\u05e4\u05e1\u05d7-\u05de\u05d5\u05e9\u05dc\u05dd-\u05e1\u05d5\u05d5\u05d9\u05d8\u05d5\u05ea-\u05d9\u05d5\u05e7\u05e8\u05d4-\u05e2\u05dd-\u05d1\u05e8\u05d9\u05db\u05d4-\u05e4\u05e8\u05d8\u05d9\u05ea-\u05d5\u05d2\u05e7\u05d5\u05d6\u05d9-\u05dc\u05de\u05e9\u05e4\u05d7\u05d5\u05ea-\u05d3\u05ea\u05d9\u05d5\u05ea-\u05dc\u05e4\u05e1\u05d7-\u05d5\u05dc\u05e9\u05d1\u05ea-\u05d4\u05d2\u05d3\u05d5\u05dc.png\",\"width\":1456,\"height\":816},{\"@type\":\"BreadcrumbList\",\"@id\":\"https:\\\/\\\/kesem.co.il\\\/%d7%a4%d7%a1%d7%97-%d7%9e%d7%95%d7%a9%d7%9c%d7%9d-%d7%a1%d7%95%d7%95%d7%99%d7%98%d7%95%d7%aa-%d7%99%d7%95%d7%a7%d7%a8%d7%94-%d7%a2%d7%9d-%d7%91%d7%a8%d7%99%d7%9b%d7%94-%d7%a4%d7%a8%d7%98%d7%99%d7%aa\\\/#breadcrumb\",\"itemListElement\":[{\"@type\":\"ListItem\",\"position\":1,\"name\":\"\u05d3\u05e3 \u05d4\u05d1\u05d9\u05ea\",\"item\":\"https:\\\/\\\/kesem.co.il\\\/\"},{\"@type\":\"ListItem\",\"position\":2,\"name\":\"\u05e4\u05e1\u05d7 \u05de\u05d5\u05e9\u05dc\u05dd: \u05e1\u05d5\u05d5\u05d9\u05d8\u05d5\u05ea \u05d9\u05d5\u05e7\u05e8\u05d4 \u05e2\u05dd \u05d1\u05e8\u05d9\u05db\u05d4 \u05e4\u05e8\u05d8\u05d9\u05ea \u05d5\u05d2'\u05e7\u05d5\u05d6\u05d9 \u05dc\u05de\u05e9\u05e4\u05d7\u05d5\u05ea \u05d3\u05ea\u05d9\u05d5\u05ea \u05dc\u05e4\u05e1\u05d7 \u05d5\u05dc\u05e9\u05d1\u05ea \u05d4\u05d2\u05d3\u05d5\u05dc\"}]},{\"@type\":\"WebSite\",\"@id\":\"https:\\\/\\\/kesem.co.il\\\/#website\",\"url\":\"https:\\\/\\\/kesem.co.il\\\/\",\"name\":\"\u05e1\u05d5\u05d5\u05d9\u05d8\u05d5\u05ea \u05d1\u05e0\u05ea\u05e0\u05d9\u05d4 - \u05e7\u05e1\u05dd \u05e2\u05dc \u05d4\u05d9\u05dd\",\"description\":\"\u05d7\u05d5\u05e4\u05e9\u05d4 \u05d7\u05dc\u05d5\u05de\u05d9\u05ea \u05e2\u05dd \u05d2&#039;\u05e7\u05d5\u05d6\u05d9 \u05d0\u05d9\u05d8\u05dc\u05e7\u05d9 \u05d9\u05d7\u05d3 \u05e2\u05dd \u05e8\u05d7\u05e9 \u05d4\u05d2\u05dc\u05d9\u05dd \u05d5\u05d1\u05e8\u05d9\u05db\u05d4 \u05e4\u05e8\u05d8\u05d9\u05ea \u05d1\u05db\u05dc \u05d4\u05e1\u05d5\u05d5\u05d9\u05d8\u05d5\u05ea \u05d4\u05d9\u05d5\u05e7\u05e8\u05ea\u05d9\u05d5\u05ea \u05e9\u05dc\u05e0\u05d5 \u05d1\u05e0\u05ea\u05e0\u05d9\u05d4\",\"publisher\":{\"@id\":\"https:\\\/\\\/kesem.co.il\\\/#organization\"},\"potentialAction\":[{\"@type\":\"SearchAction\",\"target\":{\"@type\":\"EntryPoint\",\"urlTemplate\":\"https:\\\/\\\/kesem.co.il\\\/?s={search_term_string}\"},\"query-input\":{\"@type\":\"PropertyValueSpecification\",\"valueRequired\":true,\"valueName\":\"search_term_string\"}}],\"inLanguage\":\"fr-FR\"},{\"@type\":\"Organization\",\"@id\":\"https:\\\/\\\/kesem.co.il\\\/#organization\",\"name\":\"\u05e1\u05d5\u05d5\u05d9\u05d8\u05d5\u05ea \u05d1\u05e0\u05ea\u05e0\u05d9\u05d4 \u05e7\u05e1\u05dd \u05e2\u05dc \u05d4\u05d9\u05dd\",\"url\":\"https:\\\/\\\/kesem.co.il\\\/\",\"logo\":{\"@type\":\"ImageObject\",\"inLanguage\":\"fr-FR\",\"@id\":\"https:\\\/\\\/kesem.co.il\\\/#\\\/schema\\\/logo\\\/image\\\/\",\"url\":\"https:\\\/\\\/kesem.co.il\\\/wp-content\\\/uploads\\\/sites\\\/13\\\/2022\\\/08\\\/\u05e7\u05e1\u05dd-\u05e2\u05dc-\u05d4\u05d9\u05dd.png\",\"contentUrl\":\"https:\\\/\\\/kesem.co.il\\\/wp-content\\\/uploads\\\/sites\\\/13\\\/2022\\\/08\\\/\u05e7\u05e1\u05dd-\u05e2\u05dc-\u05d4\u05d9\u05dd.png\",\"width\":300,\"height\":300,\"caption\":\"\u05e1\u05d5\u05d5\u05d9\u05d8\u05d5\u05ea \u05d1\u05e0\u05ea\u05e0\u05d9\u05d4 \u05e7\u05e1\u05dd \u05e2\u05dc \u05d4\u05d9\u05dd\"},\"image\":{\"@id\":\"https:\\\/\\\/kesem.co.il\\\/#\\\/schema\\\/logo\\\/image\\\/\"},\"sameAs\":[\"https:\\\/\\\/www.facebook.com\\\/Kesem\\\/\",\"https:\\\/\\\/www.youtube.com\\\/channel\\\/UC5wMIoiYcxSuQcMAWevyF6A\"]}]}<\/script>\n<!-- \/ Yoast SEO plugin. -->","yoast_head_json":{"title":"Pessah parfait : Suites de luxe avec piscine priv\u00e9e et jacuzzi pour les familles religieuses pour Pessah et Shabbat HaGal.","description":"Vous cherchez l&#039;endroit id\u00e9al pour c\u00e9l\u00e9brer Pessah en famille ? Des suites luxueuses avec piscine priv\u00e9e et jacuzzi sont la solution id\u00e9ale !","robots":{"index":"index","follow":"follow","max-snippet":"max-snippet:-1","max-image-preview":"max-image-preview:large","max-video-preview":"max-video-preview:-1"},"canonical":"https:\/\/kesem.co.il\/fr\/suites-de-luxe-parfaites-pour-pessah-avec-piscine-privee\/","og_locale":"fr_FR","og_type":"article","og_title":"\u05e4\u05e1\u05d7 \u05de\u05d5\u05e9\u05dc\u05dd: \u05e1\u05d5\u05d5\u05d9\u05d8\u05d5\u05ea \u05d9\u05d5\u05e7\u05e8\u05d4 \u05e2\u05dd \u05d1\u05e8\u05d9\u05db\u05d4 \u05e4\u05e8\u05d8\u05d9\u05ea \u05d5\u05d2'\u05e7\u05d5\u05d6\u05d9 \u05dc\u05de\u05e9\u05e4\u05d7\u05d5\u05ea \u05d3\u05ea\u05d9\u05d5\u05ea \u05dc\u05e4\u05e1\u05d7 \u05d5\u05dc\u05e9\u05d1\u05ea \u05d4\u05d2\u05d3\u05d5\u05dc","og_description":"\u05de\u05d7\u05e4\u05e9\u05d9\u05dd \u05de\u05e7\u05d5\u05dd \u05de\u05d5\u05e9\u05dc\u05dd \u05dc\u05d7\u05d2\u05d5\u05d2 \u05d0\u05ea \u05e4\u05e1\u05d7 \u05e2\u05dd \u05d4\u05de\u05e9\u05e4\u05d7\u05d4? \u05e1\u05d5\u05d5\u05d9\u05d8\u05d5\u05ea \u05d9\u05d5\u05e7\u05e8\u05d4 \u05e2\u05dd \u05d1\u05e8\u05d9\u05db\u05d4 \u05e4\u05e8\u05d8\u05d9\u05ea \u05d5\u05d2'\u05e7\u05d5\u05d6\u05d9 \u05d4\u05df \u05d4\u05e4\u05ea\u05e8\u05d5\u05df \u05d4\u05de\u05d5\u05e9\u05dc\u05dd \u05e2\u05d1\u05d5\u05e8\u05db\u05dd!","og_url":"https:\/\/kesem.co.il\/fr\/suites-de-luxe-parfaites-pour-pessah-avec-piscine-privee\/","og_site_name":"\u05e1\u05d5\u05d5\u05d9\u05d8\u05d5\u05ea \u05d1\u05e0\u05ea\u05e0\u05d9\u05d4 - \u05e7\u05e1\u05dd \u05e2\u05dc \u05d4\u05d9\u05dd","article_publisher":"https:\/\/www.facebook.com\/Kesem\/","og_image":[{"width":1456,"height":816,"url":"https:\/\/kesem.co.il\/wp-content\/uploads\/sites\/13\/2024\/04\/\u05e4\u05e1\u05d7-\u05de\u05d5\u05e9\u05dc\u05dd-\u05e1\u05d5\u05d5\u05d9\u05d8\u05d5\u05ea-\u05d9\u05d5\u05e7\u05e8\u05d4-\u05e2\u05dd-\u05d1\u05e8\u05d9\u05db\u05d4-\u05e4\u05e8\u05d8\u05d9\u05ea-\u05d5\u05d2\u05e7\u05d5\u05d6\u05d9-\u05dc\u05de\u05e9\u05e4\u05d7\u05d5\u05ea-\u05d3\u05ea\u05d9\u05d5\u05ea-\u05dc\u05e4\u05e1\u05d7-\u05d5\u05dc\u05e9\u05d1\u05ea-\u05d4\u05d2\u05d3\u05d5\u05dc.png","type":"image\/png"}],"twitter_card":"summary_large_image","twitter_misc":{"Dur\u00e9e de lecture estim\u00e9e":"1 minute"},"schema":{"@context":"https:\/\/schema.org","@graph":[{"@type":"WebPage","@id":"https:\/\/kesem.co.il\/%d7%a4%d7%a1%d7%97-%d7%9e%d7%95%d7%a9%d7%9c%d7%9d-%d7%a1%d7%95%d7%95%d7%99%d7%98%d7%95%d7%aa-%d7%99%d7%95%d7%a7%d7%a8%d7%94-%d7%a2%d7%9d-%d7%91%d7%a8%d7%99%d7%9b%d7%94-%d7%a4%d7%a8%d7%98%d7%99%d7%aa\/","url":"https:\/\/kesem.co.il\/%d7%a4%d7%a1%d7%97-%d7%9e%d7%95%d7%a9%d7%9c%d7%9d-%d7%a1%d7%95%d7%95%d7%99%d7%98%d7%95%d7%aa-%d7%99%d7%95%d7%a7%d7%a8%d7%94-%d7%a2%d7%9d-%d7%91%d7%a8%d7%99%d7%9b%d7%94-%d7%a4%d7%a8%d7%98%d7%99%d7%aa\/","name":"Pessah parfait : Suites de luxe avec piscine priv\u00e9e et jacuzzi pour les familles religieuses pour Pessah et Shabbat HaGal.","isPartOf":{"@id":"https:\/\/kesem.co.il\/#website"},"primaryImageOfPage":{"@id":"https:\/\/kesem.co.il\/%d7%a4%d7%a1%d7%97-%d7%9e%d7%95%d7%a9%d7%9c%d7%9d-%d7%a1%d7%95%d7%95%d7%99%d7%98%d7%95%d7%aa-%d7%99%d7%95%d7%a7%d7%a8%d7%94-%d7%a2%d7%9d-%d7%91%d7%a8%d7%99%d7%9b%d7%94-%d7%a4%d7%a8%d7%98%d7%99%d7%aa\/#primaryimage"},"image":{"@id":"https:\/\/kesem.co.il\/%d7%a4%d7%a1%d7%97-%d7%9e%d7%95%d7%a9%d7%9c%d7%9d-%d7%a1%d7%95%d7%95%d7%99%d7%98%d7%95%d7%aa-%d7%99%d7%95%d7%a7%d7%a8%d7%94-%d7%a2%d7%9d-%d7%91%d7%a8%d7%99%d7%9b%d7%94-%d7%a4%d7%a8%d7%98%d7%99%d7%aa\/#primaryimage"},"thumbnailUrl":"https:\/\/kesem.co.il\/wp-content\/uploads\/sites\/13\/2024\/04\/\u05e4\u05e1\u05d7-\u05de\u05d5\u05e9\u05dc\u05dd-\u05e1\u05d5\u05d5\u05d9\u05d8\u05d5\u05ea-\u05d9\u05d5\u05e7\u05e8\u05d4-\u05e2\u05dd-\u05d1\u05e8\u05d9\u05db\u05d4-\u05e4\u05e8\u05d8\u05d9\u05ea-\u05d5\u05d2\u05e7\u05d5\u05d6\u05d9-\u05dc\u05de\u05e9\u05e4\u05d7\u05d5\u05ea-\u05d3\u05ea\u05d9\u05d5\u05ea-\u05dc\u05e4\u05e1\u05d7-\u05d5\u05dc\u05e9\u05d1\u05ea-\u05d4\u05d2\u05d3\u05d5\u05dc.png","datePublished":"2024-04-02T11:53:01+00:00","description":"Vous cherchez l&#039;endroit id\u00e9al pour c\u00e9l\u00e9brer Pessah en famille ? Des suites luxueuses avec piscine priv\u00e9e et jacuzzi sont la solution id\u00e9ale !","breadcrumb":{"@id":"https:\/\/kesem.co.il\/%d7%a4%d7%a1%d7%97-%d7%9e%d7%95%d7%a9%d7%9c%d7%9d-%d7%a1%d7%95%d7%95%d7%99%d7%98%d7%95%d7%aa-%d7%99%d7%95%d7%a7%d7%a8%d7%94-%d7%a2%d7%9d-%d7%91%d7%a8%d7%99%d7%9b%d7%94-%d7%a4%d7%a8%d7%98%d7%99%d7%aa\/#breadcrumb"},"inLanguage":"fr-FR","potentialAction":[{"@type":"ReadAction","target":["https:\/\/kesem.co.il\/%d7%a4%d7%a1%d7%97-%d7%9e%d7%95%d7%a9%d7%9c%d7%9d-%d7%a1%d7%95%d7%95%d7%99%d7%98%d7%95%d7%aa-%d7%99%d7%95%d7%a7%d7%a8%d7%94-%d7%a2%d7%9d-%d7%91%d7%a8%d7%99%d7%9b%d7%94-%d7%a4%d7%a8%d7%98%d7%99%d7%aa\/"]}]},{"@type":"ImageObject","inLanguage":"fr-FR","@id":"https:\/\/kesem.co.il\/%d7%a4%d7%a1%d7%97-%d7%9e%d7%95%d7%a9%d7%9c%d7%9d-%d7%a1%d7%95%d7%95%d7%99%d7%98%d7%95%d7%aa-%d7%99%d7%95%d7%a7%d7%a8%d7%94-%d7%a2%d7%9d-%d7%91%d7%a8%d7%99%d7%9b%d7%94-%d7%a4%d7%a8%d7%98%d7%99%d7%aa\/#primaryimage","url":"https:\/\/kesem.co.il\/wp-content\/uploads\/sites\/13\/2024\/04\/\u05e4\u05e1\u05d7-\u05de\u05d5\u05e9\u05dc\u05dd-\u05e1\u05d5\u05d5\u05d9\u05d8\u05d5\u05ea-\u05d9\u05d5\u05e7\u05e8\u05d4-\u05e2\u05dd-\u05d1\u05e8\u05d9\u05db\u05d4-\u05e4\u05e8\u05d8\u05d9\u05ea-\u05d5\u05d2\u05e7\u05d5\u05d6\u05d9-\u05dc\u05de\u05e9\u05e4\u05d7\u05d5\u05ea-\u05d3\u05ea\u05d9\u05d5\u05ea-\u05dc\u05e4\u05e1\u05d7-\u05d5\u05dc\u05e9\u05d1\u05ea-\u05d4\u05d2\u05d3\u05d5\u05dc.png","contentUrl":"https:\/\/kesem.co.il\/wp-content\/uploads\/sites\/13\/2024\/04\/\u05e4\u05e1\u05d7-\u05de\u05d5\u05e9\u05dc\u05dd-\u05e1\u05d5\u05d5\u05d9\u05d8\u05d5\u05ea-\u05d9\u05d5\u05e7\u05e8\u05d4-\u05e2\u05dd-\u05d1\u05e8\u05d9\u05db\u05d4-\u05e4\u05e8\u05d8\u05d9\u05ea-\u05d5\u05d2\u05e7\u05d5\u05d6\u05d9-\u05dc\u05de\u05e9\u05e4\u05d7\u05d5\u05ea-\u05d3\u05ea\u05d9\u05d5\u05ea-\u05dc\u05e4\u05e1\u05d7-\u05d5\u05dc\u05e9\u05d1\u05ea-\u05d4\u05d2\u05d3\u05d5\u05dc.png","width":1456,"height":816},{"@type":"BreadcrumbList","@id":"https:\/\/kesem.co.il\/%d7%a4%d7%a1%d7%97-%d7%9e%d7%95%d7%a9%d7%9c%d7%9d-%d7%a1%d7%95%d7%95%d7%99%d7%98%d7%95%d7%aa-%d7%99%d7%95%d7%a7%d7%a8%d7%94-%d7%a2%d7%9d-%d7%91%d7%a8%d7%99%d7%9b%d7%94-%d7%a4%d7%a8%d7%98%d7%99%d7%aa\/#breadcrumb","itemListElement":[{"@type":"ListItem","position":1,"name":"\u05d3\u05e3 \u05d4\u05d1\u05d9\u05ea","item":"https:\/\/kesem.co.il\/"},{"@type":"ListItem","position":2,"name":"\u05e4\u05e1\u05d7 \u05de\u05d5\u05e9\u05dc\u05dd: \u05e1\u05d5\u05d5\u05d9\u05d8\u05d5\u05ea \u05d9\u05d5\u05e7\u05e8\u05d4 \u05e2\u05dd \u05d1\u05e8\u05d9\u05db\u05d4 \u05e4\u05e8\u05d8\u05d9\u05ea \u05d5\u05d2'\u05e7\u05d5\u05d6\u05d9 \u05dc\u05de\u05e9\u05e4\u05d7\u05d5\u05ea \u05d3\u05ea\u05d9\u05d5\u05ea \u05dc\u05e4\u05e1\u05d7 \u05d5\u05dc\u05e9\u05d1\u05ea \u05d4\u05d2\u05d3\u05d5\u05dc"}]},{"@type":"WebSite","@id":"https:\/\/kesem.co.il\/#website","url":"https:\/\/kesem.co.il\/","name":"Suites \u00e0 Netanya \u2013 Magie sur la mer","description":"Des vacances de r\u00eave avec un jacuzzi italien accompagn\u00e9 du bruit des vagues et d&#039;une piscine priv\u00e9e dans toutes nos suites luxueuses \u00e0 Netanya","publisher":{"@id":"https:\/\/kesem.co.il\/#organization"},"potentialAction":[{"@type":"SearchAction","target":{"@type":"EntryPoint","urlTemplate":"https:\/\/kesem.co.il\/?s={search_term_string}"},"query-input":{"@type":"PropertyValueSpecification","valueRequired":true,"valueName":"search_term_string"}}],"inLanguage":"fr-FR"},{"@type":"Organization","@id":"https:\/\/kesem.co.il\/#organization","name":"Suites \u00e0 Netanya Magic by the Sea","url":"https:\/\/kesem.co.il\/","logo":{"@type":"ImageObject","inLanguage":"fr-FR","@id":"https:\/\/kesem.co.il\/#\/schema\/logo\/image\/","url":"https:\/\/kesem.co.il\/wp-content\/uploads\/sites\/13\/2022\/08\/\u05e7\u05e1\u05dd-\u05e2\u05dc-\u05d4\u05d9\u05dd.png","contentUrl":"https:\/\/kesem.co.il\/wp-content\/uploads\/sites\/13\/2022\/08\/\u05e7\u05e1\u05dd-\u05e2\u05dc-\u05d4\u05d9\u05dd.png","width":300,"height":300,"caption":"\u05e1\u05d5\u05d5\u05d9\u05d8\u05d5\u05ea \u05d1\u05e0\u05ea\u05e0\u05d9\u05d4 \u05e7\u05e1\u05dd \u05e2\u05dc \u05d4\u05d9\u05dd"},"image":{"@id":"https:\/\/kesem.co.il\/#\/schema\/logo\/image\/"},"sameAs":["https:\/\/www.facebook.com\/Kesem\/","https:\/\/www.youtube.com\/channel\/UC5wMIoiYcxSuQcMAWevyF6A"]}]}},"_links":{"self":[{"href":"https:\/\/kesem.co.il\/fr\/wp-json\/wp\/v2\/pages\/489","targetHints":{"allow":["GET"]}}],"collection":[{"href":"https:\/\/kesem.co.il\/fr\/wp-json\/wp\/v2\/pages"}],"about":[{"href":"https:\/\/kesem.co.il\/fr\/wp-json\/wp\/v2\/types\/page"}],"author":[{"embeddable":true,"href":"https:\/\/kesem.co.il\/fr\/wp-json\/wp\/v2\/users\/1003"}],"replies":[{"embeddable":true,"href":"https:\/\/kesem.co.il\/fr\/wp-json\/wp\/v2\/comments?post=489"}],"version-history":[{"count":1,"href":"https:\/\/kesem.co.il\/fr\/wp-json\/wp\/v2\/pages\/489\/revisions"}],"predecessor-version":[{"id":491,"href":"https:\/\/kesem.co.il\/fr\/wp-json\/wp\/v2\/pages\/489\/revisions\/491"}],"wp:featuredmedia":[{"embeddable":true,"href":"https:\/\/kesem.co.il\/fr\/wp-json\/wp\/v2\/media\/490"}],"wp:attachment":[{"href":"https:\/\/kesem.co.il\/fr\/wp-json\/wp\/v2\/media?parent=489"}],"curies":[{"name":"wp","href":"https:\/\/api.w.org\/{rel}","templated":true}]}}