{"id":586,"date":"2025-07-21T12:28:08","date_gmt":"2025-07-21T12:28:08","guid":{"rendered":"https:\/\/kesem.co.il\/?page_id=586"},"modified":"2025-07-21T12:33:55","modified_gmt":"2025-07-21T12:33:55","slug":"repas-casher","status":"publish","type":"page","link":"https:\/\/kesem.co.il\/fr\/repas-casher\/","title":{"rendered":"Repas casher"},"content":{"rendered":"<p>Repas casher sur un balcon en bois face aux vagues de la mer<\/p>","protected":false},"excerpt":{"rendered":"<p>Repas casher sur un balcon en bois face aux vagues de la mer<\/p>","protected":false},"author":1003,"featured_media":590,"parent":0,"menu_order":0,"comment_status":"closed","ping_status":"closed","template":"","meta":{"_acf_changed":false,"_joinchat":[],"footnotes":""},"class_list":["post-586","page","type-page","status-publish","has-post-thumbnail","hentry"],"acf":[],"yoast_head":"<!-- This site is optimized with the Yoast SEO plugin v27.5 - https:\/\/yoast.com\/product\/yoast-seo-wordpress\/ -->\n<title>\u05d0\u05e8\u05d5\u05d7\u05d5\u05ea \u05db\u05e9\u05e8\u05d5\u05ea - \u05e1\u05d5\u05d5\u05d9\u05d8\u05d5\u05ea \u05d1\u05e0\u05ea\u05e0\u05d9\u05d4 - \u05e7\u05e1\u05dd \u05e2\u05dc \u05d4\u05d9\u05dd<\/title>\n<meta name=\"robots\" content=\"index, follow, max-snippet:-1, max-image-preview:large, max-video-preview:-1\" \/>\n<link rel=\"canonical\" href=\"https:\/\/kesem.co.il\/fr\/repas-casher\/\" \/>\n<meta property=\"og:locale\" content=\"fr_FR\" \/>\n<meta property=\"og:type\" content=\"article\" \/>\n<meta property=\"og:title\" content=\"\u05d0\u05e8\u05d5\u05d7\u05d5\u05ea \u05db\u05e9\u05e8\u05d5\u05ea - \u05e1\u05d5\u05d5\u05d9\u05d8\u05d5\u05ea \u05d1\u05e0\u05ea\u05e0\u05d9\u05d4 - \u05e7\u05e1\u05dd \u05e2\u05dc \u05d4\u05d9\u05dd\" \/>\n<meta property=\"og:description\" content=\"\u05d0\u05e8\u05d5\u05d7\u05d5\u05ea \u05db\u05e9\u05e8\u05d5\u05ea \u05d1\u05de\u05e8\u05e4\u05e1\u05ea \u05e2\u05e5 \u05de\u05d5\u05dc \u05d2\u05dc\u05d9 \u05d4\u05d9\u05dd\" \/>\n<meta property=\"og:url\" content=\"https:\/\/kesem.co.il\/fr\/repas-casher\/\" \/>\n<meta property=\"og:site_name\" content=\"\u05e1\u05d5\u05d5\u05d9\u05d8\u05d5\u05ea \u05d1\u05e0\u05ea\u05e0\u05d9\u05d4 - \u05e7\u05e1\u05dd \u05e2\u05dc \u05d4\u05d9\u05dd\" \/>\n<meta property=\"article:publisher\" content=\"https:\/\/www.facebook.com\/Kesem\/\" \/>\n<meta property=\"article:modified_time\" content=\"2025-07-21T12:33:55+00:00\" \/>\n<meta property=\"og:image\" content=\"https:\/\/kesem.co.il\/wp-content\/uploads\/sites\/13\/2025\/07\/\u05d0\u05e8\u05d5\u05d7\u05d5\u05ea-\u05d4\u05d1\u05d5\u05e7\u05e8-\u05d1\u05e8\u05d5\u05d9\u05d0\u05dc-\u05e6\u05d0\u05e0\u05d6-4.jpeg\" \/>\n\t<meta property=\"og:image:width\" content=\"1600\" \/>\n\t<meta property=\"og:image:height\" content=\"1200\" \/>\n\t<meta property=\"og:image:type\" content=\"image\/jpeg\" \/>\n<meta name=\"twitter:card\" content=\"summary_large_image\" \/>\n<meta name=\"twitter:label1\" content=\"Dur\u00e9e de lecture estim\u00e9e\" \/>\n\t<meta name=\"twitter:data1\" content=\"1 minute\" \/>\n<script type=\"application\/ld+json\" class=\"yoast-schema-graph\">{\"@context\":\"https:\\\/\\\/schema.org\",\"@graph\":[{\"@type\":\"WebPage\",\"@id\":\"https:\\\/\\\/kesem.co.il\\\/%d7%90%d7%a8%d7%95%d7%97%d7%95%d7%aa-%d7%9b%d7%a9%d7%a8%d7%95%d7%aa\\\/\",\"url\":\"https:\\\/\\\/kesem.co.il\\\/%d7%90%d7%a8%d7%95%d7%97%d7%95%d7%aa-%d7%9b%d7%a9%d7%a8%d7%95%d7%aa\\\/\",\"name\":\"\u05d0\u05e8\u05d5\u05d7\u05d5\u05ea \u05db\u05e9\u05e8\u05d5\u05ea - \u05e1\u05d5\u05d5\u05d9\u05d8\u05d5\u05ea \u05d1\u05e0\u05ea\u05e0\u05d9\u05d4 - \u05e7\u05e1\u05dd \u05e2\u05dc \u05d4\u05d9\u05dd\",\"isPartOf\":{\"@id\":\"https:\\\/\\\/kesem.co.il\\\/#website\"},\"primaryImageOfPage\":{\"@id\":\"https:\\\/\\\/kesem.co.il\\\/%d7%90%d7%a8%d7%95%d7%97%d7%95%d7%aa-%d7%9b%d7%a9%d7%a8%d7%95%d7%aa\\\/#primaryimage\"},\"image\":{\"@id\":\"https:\\\/\\\/kesem.co.il\\\/%d7%90%d7%a8%d7%95%d7%97%d7%95%d7%aa-%d7%9b%d7%a9%d7%a8%d7%95%d7%aa\\\/#primaryimage\"},\"thumbnailUrl\":\"https:\\\/\\\/kesem.co.il\\\/wp-content\\\/uploads\\\/sites\\\/13\\\/2025\\\/07\\\/\u05d0\u05e8\u05d5\u05d7\u05d5\u05ea-\u05d4\u05d1\u05d5\u05e7\u05e8-\u05d1\u05e8\u05d5\u05d9\u05d0\u05dc-\u05e6\u05d0\u05e0\u05d6-4.jpeg\",\"datePublished\":\"2025-07-21T12:28:08+00:00\",\"dateModified\":\"2025-07-21T12:33:55+00:00\",\"breadcrumb\":{\"@id\":\"https:\\\/\\\/kesem.co.il\\\/%d7%90%d7%a8%d7%95%d7%97%d7%95%d7%aa-%d7%9b%d7%a9%d7%a8%d7%95%d7%aa\\\/#breadcrumb\"},\"inLanguage\":\"fr-FR\",\"potentialAction\":[{\"@type\":\"ReadAction\",\"target\":[\"https:\\\/\\\/kesem.co.il\\\/%d7%90%d7%a8%d7%95%d7%97%d7%95%d7%aa-%d7%9b%d7%a9%d7%a8%d7%95%d7%aa\\\/\"]}]},{\"@type\":\"ImageObject\",\"inLanguage\":\"fr-FR\",\"@id\":\"https:\\\/\\\/kesem.co.il\\\/%d7%90%d7%a8%d7%95%d7%97%d7%95%d7%aa-%d7%9b%d7%a9%d7%a8%d7%95%d7%aa\\\/#primaryimage\",\"url\":\"https:\\\/\\\/kesem.co.il\\\/wp-content\\\/uploads\\\/sites\\\/13\\\/2025\\\/07\\\/\u05d0\u05e8\u05d5\u05d7\u05d5\u05ea-\u05d4\u05d1\u05d5\u05e7\u05e8-\u05d1\u05e8\u05d5\u05d9\u05d0\u05dc-\u05e6\u05d0\u05e0\u05d6-4.jpeg\",\"contentUrl\":\"https:\\\/\\\/kesem.co.il\\\/wp-content\\\/uploads\\\/sites\\\/13\\\/2025\\\/07\\\/\u05d0\u05e8\u05d5\u05d7\u05d5\u05ea-\u05d4\u05d1\u05d5\u05e7\u05e8-\u05d1\u05e8\u05d5\u05d9\u05d0\u05dc-\u05e6\u05d0\u05e0\u05d6-4.jpeg\",\"width\":1600,\"height\":1200},{\"@type\":\"BreadcrumbList\",\"@id\":\"https:\\\/\\\/kesem.co.il\\\/%d7%90%d7%a8%d7%95%d7%97%d7%95%d7%aa-%d7%9b%d7%a9%d7%a8%d7%95%d7%aa\\\/#breadcrumb\",\"itemListElement\":[{\"@type\":\"ListItem\",\"position\":1,\"name\":\"\u05d3\u05e3 \u05d4\u05d1\u05d9\u05ea\",\"item\":\"https:\\\/\\\/kesem.co.il\\\/\"},{\"@type\":\"ListItem\",\"position\":2,\"name\":\"\u05d0\u05e8\u05d5\u05d7\u05d5\u05ea \u05db\u05e9\u05e8\u05d5\u05ea\"}]},{\"@type\":\"WebSite\",\"@id\":\"https:\\\/\\\/kesem.co.il\\\/#website\",\"url\":\"https:\\\/\\\/kesem.co.il\\\/\",\"name\":\"\u05e1\u05d5\u05d5\u05d9\u05d8\u05d5\u05ea \u05d1\u05e0\u05ea\u05e0\u05d9\u05d4 - \u05e7\u05e1\u05dd \u05e2\u05dc \u05d4\u05d9\u05dd\",\"description\":\"\u05d7\u05d5\u05e4\u05e9\u05d4 \u05d7\u05dc\u05d5\u05de\u05d9\u05ea \u05e2\u05dd \u05d2&#039;\u05e7\u05d5\u05d6\u05d9 \u05d0\u05d9\u05d8\u05dc\u05e7\u05d9 \u05d9\u05d7\u05d3 \u05e2\u05dd \u05e8\u05d7\u05e9 \u05d4\u05d2\u05dc\u05d9\u05dd \u05d5\u05d1\u05e8\u05d9\u05db\u05d4 \u05e4\u05e8\u05d8\u05d9\u05ea \u05d1\u05db\u05dc \u05d4\u05e1\u05d5\u05d5\u05d9\u05d8\u05d5\u05ea \u05d4\u05d9\u05d5\u05e7\u05e8\u05ea\u05d9\u05d5\u05ea \u05e9\u05dc\u05e0\u05d5 \u05d1\u05e0\u05ea\u05e0\u05d9\u05d4\",\"publisher\":{\"@id\":\"https:\\\/\\\/kesem.co.il\\\/#organization\"},\"potentialAction\":[{\"@type\":\"SearchAction\",\"target\":{\"@type\":\"EntryPoint\",\"urlTemplate\":\"https:\\\/\\\/kesem.co.il\\\/?s={search_term_string}\"},\"query-input\":{\"@type\":\"PropertyValueSpecification\",\"valueRequired\":true,\"valueName\":\"search_term_string\"}}],\"inLanguage\":\"fr-FR\"},{\"@type\":\"Organization\",\"@id\":\"https:\\\/\\\/kesem.co.il\\\/#organization\",\"name\":\"\u05e1\u05d5\u05d5\u05d9\u05d8\u05d5\u05ea \u05d1\u05e0\u05ea\u05e0\u05d9\u05d4 \u05e7\u05e1\u05dd \u05e2\u05dc \u05d4\u05d9\u05dd\",\"url\":\"https:\\\/\\\/kesem.co.il\\\/\",\"logo\":{\"@type\":\"ImageObject\",\"inLanguage\":\"fr-FR\",\"@id\":\"https:\\\/\\\/kesem.co.il\\\/#\\\/schema\\\/logo\\\/image\\\/\",\"url\":\"https:\\\/\\\/kesem.co.il\\\/wp-content\\\/uploads\\\/sites\\\/13\\\/2022\\\/08\\\/\u05e7\u05e1\u05dd-\u05e2\u05dc-\u05d4\u05d9\u05dd.png\",\"contentUrl\":\"https:\\\/\\\/kesem.co.il\\\/wp-content\\\/uploads\\\/sites\\\/13\\\/2022\\\/08\\\/\u05e7\u05e1\u05dd-\u05e2\u05dc-\u05d4\u05d9\u05dd.png\",\"width\":300,\"height\":300,\"caption\":\"\u05e1\u05d5\u05d5\u05d9\u05d8\u05d5\u05ea \u05d1\u05e0\u05ea\u05e0\u05d9\u05d4 \u05e7\u05e1\u05dd \u05e2\u05dc \u05d4\u05d9\u05dd\"},\"image\":{\"@id\":\"https:\\\/\\\/kesem.co.il\\\/#\\\/schema\\\/logo\\\/image\\\/\"},\"sameAs\":[\"https:\\\/\\\/www.facebook.com\\\/Kesem\\\/\",\"https:\\\/\\\/www.youtube.com\\\/channel\\\/UC5wMIoiYcxSuQcMAWevyF6A\"]}]}<\/script>\n<!-- \/ Yoast SEO plugin. -->","yoast_head_json":{"title":"Repas casher - Suites \u00e0 Netanya - Magic on the Sea","robots":{"index":"index","follow":"follow","max-snippet":"max-snippet:-1","max-image-preview":"max-image-preview:large","max-video-preview":"max-video-preview:-1"},"canonical":"https:\/\/kesem.co.il\/fr\/repas-casher\/","og_locale":"fr_FR","og_type":"article","og_title":"\u05d0\u05e8\u05d5\u05d7\u05d5\u05ea \u05db\u05e9\u05e8\u05d5\u05ea - \u05e1\u05d5\u05d5\u05d9\u05d8\u05d5\u05ea \u05d1\u05e0\u05ea\u05e0\u05d9\u05d4 - \u05e7\u05e1\u05dd \u05e2\u05dc \u05d4\u05d9\u05dd","og_description":"\u05d0\u05e8\u05d5\u05d7\u05d5\u05ea \u05db\u05e9\u05e8\u05d5\u05ea \u05d1\u05de\u05e8\u05e4\u05e1\u05ea \u05e2\u05e5 \u05de\u05d5\u05dc \u05d2\u05dc\u05d9 \u05d4\u05d9\u05dd","og_url":"https:\/\/kesem.co.il\/fr\/repas-casher\/","og_site_name":"\u05e1\u05d5\u05d5\u05d9\u05d8\u05d5\u05ea \u05d1\u05e0\u05ea\u05e0\u05d9\u05d4 - \u05e7\u05e1\u05dd \u05e2\u05dc \u05d4\u05d9\u05dd","article_publisher":"https:\/\/www.facebook.com\/Kesem\/","article_modified_time":"2025-07-21T12:33:55+00:00","og_image":[{"width":1600,"height":1200,"url":"https:\/\/kesem.co.il\/wp-content\/uploads\/sites\/13\/2025\/07\/\u05d0\u05e8\u05d5\u05d7\u05d5\u05ea-\u05d4\u05d1\u05d5\u05e7\u05e8-\u05d1\u05e8\u05d5\u05d9\u05d0\u05dc-\u05e6\u05d0\u05e0\u05d6-4.jpeg","type":"image\/jpeg"}],"twitter_card":"summary_large_image","twitter_misc":{"Dur\u00e9e de lecture estim\u00e9e":"1 minute"},"schema":{"@context":"https:\/\/schema.org","@graph":[{"@type":"WebPage","@id":"https:\/\/kesem.co.il\/%d7%90%d7%a8%d7%95%d7%97%d7%95%d7%aa-%d7%9b%d7%a9%d7%a8%d7%95%d7%aa\/","url":"https:\/\/kesem.co.il\/%d7%90%d7%a8%d7%95%d7%97%d7%95%d7%aa-%d7%9b%d7%a9%d7%a8%d7%95%d7%aa\/","name":"Repas casher - Suites \u00e0 Netanya - Magic on the Sea","isPartOf":{"@id":"https:\/\/kesem.co.il\/#website"},"primaryImageOfPage":{"@id":"https:\/\/kesem.co.il\/%d7%90%d7%a8%d7%95%d7%97%d7%95%d7%aa-%d7%9b%d7%a9%d7%a8%d7%95%d7%aa\/#primaryimage"},"image":{"@id":"https:\/\/kesem.co.il\/%d7%90%d7%a8%d7%95%d7%97%d7%95%d7%aa-%d7%9b%d7%a9%d7%a8%d7%95%d7%aa\/#primaryimage"},"thumbnailUrl":"https:\/\/kesem.co.il\/wp-content\/uploads\/sites\/13\/2025\/07\/\u05d0\u05e8\u05d5\u05d7\u05d5\u05ea-\u05d4\u05d1\u05d5\u05e7\u05e8-\u05d1\u05e8\u05d5\u05d9\u05d0\u05dc-\u05e6\u05d0\u05e0\u05d6-4.jpeg","datePublished":"2025-07-21T12:28:08+00:00","dateModified":"2025-07-21T12:33:55+00:00","breadcrumb":{"@id":"https:\/\/kesem.co.il\/%d7%90%d7%a8%d7%95%d7%97%d7%95%d7%aa-%d7%9b%d7%a9%d7%a8%d7%95%d7%aa\/#breadcrumb"},"inLanguage":"fr-FR","potentialAction":[{"@type":"ReadAction","target":["https:\/\/kesem.co.il\/%d7%90%d7%a8%d7%95%d7%97%d7%95%d7%aa-%d7%9b%d7%a9%d7%a8%d7%95%d7%aa\/"]}]},{"@type":"ImageObject","inLanguage":"fr-FR","@id":"https:\/\/kesem.co.il\/%d7%90%d7%a8%d7%95%d7%97%d7%95%d7%aa-%d7%9b%d7%a9%d7%a8%d7%95%d7%aa\/#primaryimage","url":"https:\/\/kesem.co.il\/wp-content\/uploads\/sites\/13\/2025\/07\/\u05d0\u05e8\u05d5\u05d7\u05d5\u05ea-\u05d4\u05d1\u05d5\u05e7\u05e8-\u05d1\u05e8\u05d5\u05d9\u05d0\u05dc-\u05e6\u05d0\u05e0\u05d6-4.jpeg","contentUrl":"https:\/\/kesem.co.il\/wp-content\/uploads\/sites\/13\/2025\/07\/\u05d0\u05e8\u05d5\u05d7\u05d5\u05ea-\u05d4\u05d1\u05d5\u05e7\u05e8-\u05d1\u05e8\u05d5\u05d9\u05d0\u05dc-\u05e6\u05d0\u05e0\u05d6-4.jpeg","width":1600,"height":1200},{"@type":"BreadcrumbList","@id":"https:\/\/kesem.co.il\/%d7%90%d7%a8%d7%95%d7%97%d7%95%d7%aa-%d7%9b%d7%a9%d7%a8%d7%95%d7%aa\/#breadcrumb","itemListElement":[{"@type":"ListItem","position":1,"name":"\u05d3\u05e3 \u05d4\u05d1\u05d9\u05ea","item":"https:\/\/kesem.co.il\/"},{"@type":"ListItem","position":2,"name":"\u05d0\u05e8\u05d5\u05d7\u05d5\u05ea \u05db\u05e9\u05e8\u05d5\u05ea"}]},{"@type":"WebSite","@id":"https:\/\/kesem.co.il\/#website","url":"https:\/\/kesem.co.il\/","name":"Suites \u00e0 Netanya \u2013 Magie sur la mer","description":"Des vacances de r\u00eave avec un jacuzzi italien accompagn\u00e9 du bruit des vagues et d&#039;une piscine priv\u00e9e dans toutes nos suites luxueuses \u00e0 Netanya","publisher":{"@id":"https:\/\/kesem.co.il\/#organization"},"potentialAction":[{"@type":"SearchAction","target":{"@type":"EntryPoint","urlTemplate":"https:\/\/kesem.co.il\/?s={search_term_string}"},"query-input":{"@type":"PropertyValueSpecification","valueRequired":true,"valueName":"search_term_string"}}],"inLanguage":"fr-FR"},{"@type":"Organization","@id":"https:\/\/kesem.co.il\/#organization","name":"Suites \u00e0 Netanya Magic by the Sea","url":"https:\/\/kesem.co.il\/","logo":{"@type":"ImageObject","inLanguage":"fr-FR","@id":"https:\/\/kesem.co.il\/#\/schema\/logo\/image\/","url":"https:\/\/kesem.co.il\/wp-content\/uploads\/sites\/13\/2022\/08\/\u05e7\u05e1\u05dd-\u05e2\u05dc-\u05d4\u05d9\u05dd.png","contentUrl":"https:\/\/kesem.co.il\/wp-content\/uploads\/sites\/13\/2022\/08\/\u05e7\u05e1\u05dd-\u05e2\u05dc-\u05d4\u05d9\u05dd.png","width":300,"height":300,"caption":"\u05e1\u05d5\u05d5\u05d9\u05d8\u05d5\u05ea \u05d1\u05e0\u05ea\u05e0\u05d9\u05d4 \u05e7\u05e1\u05dd \u05e2\u05dc \u05d4\u05d9\u05dd"},"image":{"@id":"https:\/\/kesem.co.il\/#\/schema\/logo\/image\/"},"sameAs":["https:\/\/www.facebook.com\/Kesem\/","https:\/\/www.youtube.com\/channel\/UC5wMIoiYcxSuQcMAWevyF6A"]}]}},"_links":{"self":[{"href":"https:\/\/kesem.co.il\/fr\/wp-json\/wp\/v2\/pages\/586","targetHints":{"allow":["GET"]}}],"collection":[{"href":"https:\/\/kesem.co.il\/fr\/wp-json\/wp\/v2\/pages"}],"about":[{"href":"https:\/\/kesem.co.il\/fr\/wp-json\/wp\/v2\/types\/page"}],"author":[{"embeddable":true,"href":"https:\/\/kesem.co.il\/fr\/wp-json\/wp\/v2\/users\/1003"}],"replies":[{"embeddable":true,"href":"https:\/\/kesem.co.il\/fr\/wp-json\/wp\/v2\/comments?post=586"}],"version-history":[{"count":1,"href":"https:\/\/kesem.co.il\/fr\/wp-json\/wp\/v2\/pages\/586\/revisions"}],"predecessor-version":[{"id":592,"href":"https:\/\/kesem.co.il\/fr\/wp-json\/wp\/v2\/pages\/586\/revisions\/592"}],"wp:featuredmedia":[{"embeddable":true,"href":"https:\/\/kesem.co.il\/fr\/wp-json\/wp\/v2\/media\/590"}],"wp:attachment":[{"href":"https:\/\/kesem.co.il\/fr\/wp-json\/wp\/v2\/media?parent=586"}],"curies":[{"name":"wp","href":"https:\/\/api.w.org\/{rel}","templated":true}]}}