{"id":9,"date":"2022-08-11T10:34:17","date_gmt":"2022-08-11T10:34:17","guid":{"rendered":"https:\/\/ms.atarim.top\/kesem\/?page_id=9"},"modified":"2023-04-19T14:54:20","modified_gmt":"2023-04-19T14:54:20","slug":"%d7%a2%d7%9e%d7%95%d7%93-%d7%94%d7%91%d7%99%d7%aa","status":"publish","type":"page","link":"https:\/\/kesem.co.il\/fr\/","title":{"rendered":"Page d&#039;accueil"},"content":{"rendered":"","protected":false},"excerpt":{"rendered":"","protected":false},"author":1003,"featured_media":8,"parent":0,"menu_order":0,"comment_status":"closed","ping_status":"closed","template":"","meta":{"_acf_changed":false,"_joinchat":[],"footnotes":""},"class_list":["post-9","page","type-page","status-publish","has-post-thumbnail","hentry"],"acf":[],"yoast_head":"<!-- This site is optimized with the Yoast SEO plugin v27.5 - https:\/\/yoast.com\/product\/yoast-seo-wordpress\/ -->\n<title>\u05e2\u05de\u05d5\u05d3 \u05d4\u05d1\u05d9\u05ea - \u05e1\u05d5\u05d5\u05d9\u05d8\u05d5\u05ea \u05d1\u05e0\u05ea\u05e0\u05d9\u05d4 - \u05e7\u05e1\u05dd \u05e2\u05dc \u05d4\u05d9\u05dd<\/title>\n<meta name=\"description\" content=\"\u05e1\u05d5\u05d5\u05d9\u05d8\u05d5\u05ea \u05e0\u05d5\u05e4\u05e9 \u05de\u05e4\u05d5\u05d0\u05e8\u05d5\u05ea \u05e2\u05dd \u05d2&#039;\u05e7\u05d5\u05d6\u05d9 \u05d0\u05d9\u05d8\u05dc\u05e7\u05d9 \u05d1\u05d7\u05d3\u05e8 \u05d4\u05e9\u05d9\u05e0\u05d4 \u05d5\u05d1\u05e8\u05d9\u05db\u05d4 \u05e4\u05e8\u05d8\u05d9\u05ea \u05de\u05d5\u05dc \u05d2\u05dc\u05d9 \u05d4\u05d9\u05dd \u05dc\u05d6\u05d5\u05d2\u05d5\u05ea \u05d5\u05de\u05e9\u05e4\u05d7\u05d5\u05ea \u05d1\u05e1\u05d2\u05e0\u05d5\u05df AIRBNB \u05d0\u05dc \u05ea\u05e9\u05db\u05d7\u05d5 \u05dc\u05d4\u05d1\u05d9\u05d0 \u05d7\u05db\u05d4 \u05dc\u05d3\u05d5\u05d2 \u05d3\u05d2\u05d9\u05dd \u05de\u05d4\u05de\u05e8\u05e4\u05e1\u05ea.\" \/>\n<meta name=\"robots\" content=\"index, follow, max-snippet:-1, max-image-preview:large, max-video-preview:-1\" \/>\n<link rel=\"canonical\" href=\"https:\/\/kesem.co.il\/fr\/\" \/>\n<meta property=\"og:locale\" content=\"fr_FR\" \/>\n<meta property=\"og:type\" content=\"article\" \/>\n<meta property=\"og:title\" content=\"\u05e2\u05de\u05d5\u05d3 \u05d4\u05d1\u05d9\u05ea - \u05e1\u05d5\u05d5\u05d9\u05d8\u05d5\u05ea \u05d1\u05e0\u05ea\u05e0\u05d9\u05d4 - \u05e7\u05e1\u05dd \u05e2\u05dc \u05d4\u05d9\u05dd\" \/>\n<meta property=\"og:description\" content=\"\u05e1\u05d5\u05d5\u05d9\u05d8\u05d5\u05ea \u05e0\u05d5\u05e4\u05e9 \u05de\u05e4\u05d5\u05d0\u05e8\u05d5\u05ea \u05e2\u05dd \u05d2&#039;\u05e7\u05d5\u05d6\u05d9 \u05d0\u05d9\u05d8\u05dc\u05e7\u05d9 \u05d1\u05d7\u05d3\u05e8 \u05d4\u05e9\u05d9\u05e0\u05d4 \u05d5\u05d1\u05e8\u05d9\u05db\u05d4 \u05e4\u05e8\u05d8\u05d9\u05ea \u05de\u05d5\u05dc \u05d2\u05dc\u05d9 \u05d4\u05d9\u05dd \u05dc\u05d6\u05d5\u05d2\u05d5\u05ea \u05d5\u05de\u05e9\u05e4\u05d7\u05d5\u05ea \u05d1\u05e1\u05d2\u05e0\u05d5\u05df AIRBNB \u05d0\u05dc \u05ea\u05e9\u05db\u05d7\u05d5 \u05dc\u05d4\u05d1\u05d9\u05d0 \u05d7\u05db\u05d4 \u05dc\u05d3\u05d5\u05d2 \u05d3\u05d2\u05d9\u05dd \u05de\u05d4\u05de\u05e8\u05e4\u05e1\u05ea.\" \/>\n<meta property=\"og:url\" content=\"https:\/\/kesem.co.il\/fr\/\" \/>\n<meta property=\"og:site_name\" content=\"\u05e1\u05d5\u05d5\u05d9\u05d8\u05d5\u05ea \u05d1\u05e0\u05ea\u05e0\u05d9\u05d4 - \u05e7\u05e1\u05dd \u05e2\u05dc \u05d4\u05d9\u05dd\" \/>\n<meta property=\"article:publisher\" content=\"https:\/\/www.facebook.com\/Kesem\/\" \/>\n<meta property=\"article:modified_time\" content=\"2023-04-19T14:54:20+00:00\" \/>\n<meta property=\"og:image\" content=\"https:\/\/kesem.co.il\/wp-content\/uploads\/sites\/13\/2022\/08\/\u05e7\u05e1\u05dd-\u05e2\u05dc-\u05d4\u05d9\u05dd.png\" \/>\n\t<meta property=\"og:image:width\" content=\"300\" \/>\n\t<meta property=\"og:image:height\" content=\"300\" \/>\n\t<meta property=\"og:image:type\" content=\"image\/png\" \/>\n<meta name=\"twitter:card\" content=\"summary_large_image\" \/>\n<script type=\"application\/ld+json\" class=\"yoast-schema-graph\">{\"@context\":\"https:\\\/\\\/schema.org\",\"@graph\":[{\"@type\":\"WebPage\",\"@id\":\"https:\\\/\\\/kesem.co.il\\\/\",\"url\":\"https:\\\/\\\/kesem.co.il\\\/\",\"name\":\"\u05e2\u05de\u05d5\u05d3 \u05d4\u05d1\u05d9\u05ea - \u05e1\u05d5\u05d5\u05d9\u05d8\u05d5\u05ea \u05d1\u05e0\u05ea\u05e0\u05d9\u05d4 - \u05e7\u05e1\u05dd \u05e2\u05dc \u05d4\u05d9\u05dd\",\"isPartOf\":{\"@id\":\"https:\\\/\\\/kesem.co.il\\\/#website\"},\"primaryImageOfPage\":{\"@id\":\"https:\\\/\\\/kesem.co.il\\\/#primaryimage\"},\"image\":{\"@id\":\"https:\\\/\\\/kesem.co.il\\\/#primaryimage\"},\"thumbnailUrl\":\"https:\\\/\\\/kesem.co.il\\\/wp-content\\\/uploads\\\/sites\\\/13\\\/2022\\\/08\\\/\u05e7\u05e1\u05dd-\u05e2\u05dc-\u05d4\u05d9\u05dd.png\",\"datePublished\":\"2022-08-11T10:34:17+00:00\",\"dateModified\":\"2023-04-19T14:54:20+00:00\",\"description\":\"\u05e1\u05d5\u05d5\u05d9\u05d8\u05d5\u05ea \u05e0\u05d5\u05e4\u05e9 \u05de\u05e4\u05d5\u05d0\u05e8\u05d5\u05ea \u05e2\u05dd \u05d2'\u05e7\u05d5\u05d6\u05d9 \u05d0\u05d9\u05d8\u05dc\u05e7\u05d9 \u05d1\u05d7\u05d3\u05e8 \u05d4\u05e9\u05d9\u05e0\u05d4 \u05d5\u05d1\u05e8\u05d9\u05db\u05d4 \u05e4\u05e8\u05d8\u05d9\u05ea \u05de\u05d5\u05dc \u05d2\u05dc\u05d9 \u05d4\u05d9\u05dd \u05dc\u05d6\u05d5\u05d2\u05d5\u05ea \u05d5\u05de\u05e9\u05e4\u05d7\u05d5\u05ea \u05d1\u05e1\u05d2\u05e0\u05d5\u05df AIRBNB \u05d0\u05dc \u05ea\u05e9\u05db\u05d7\u05d5 \u05dc\u05d4\u05d1\u05d9\u05d0 \u05d7\u05db\u05d4 \u05dc\u05d3\u05d5\u05d2 \u05d3\u05d2\u05d9\u05dd \u05de\u05d4\u05de\u05e8\u05e4\u05e1\u05ea.\",\"breadcrumb\":{\"@id\":\"https:\\\/\\\/kesem.co.il\\\/#breadcrumb\"},\"inLanguage\":\"fr-FR\",\"potentialAction\":[{\"@type\":\"ReadAction\",\"target\":[\"https:\\\/\\\/kesem.co.il\\\/\"]}]},{\"@type\":\"ImageObject\",\"inLanguage\":\"fr-FR\",\"@id\":\"https:\\\/\\\/kesem.co.il\\\/#primaryimage\",\"url\":\"https:\\\/\\\/kesem.co.il\\\/wp-content\\\/uploads\\\/sites\\\/13\\\/2022\\\/08\\\/\u05e7\u05e1\u05dd-\u05e2\u05dc-\u05d4\u05d9\u05dd.png\",\"contentUrl\":\"https:\\\/\\\/kesem.co.il\\\/wp-content\\\/uploads\\\/sites\\\/13\\\/2022\\\/08\\\/\u05e7\u05e1\u05dd-\u05e2\u05dc-\u05d4\u05d9\u05dd.png\",\"width\":300,\"height\":300},{\"@type\":\"BreadcrumbList\",\"@id\":\"https:\\\/\\\/kesem.co.il\\\/#breadcrumb\",\"itemListElement\":[{\"@type\":\"ListItem\",\"position\":1,\"name\":\"\u05d3\u05e3 \u05d4\u05d1\u05d9\u05ea\",\"item\":\"https:\\\/\\\/kesem.co.il\\\/\"},{\"@type\":\"ListItem\",\"position\":2,\"name\":\"\u05e2\u05de\u05d5\u05d3 \u05d4\u05d1\u05d9\u05ea\"}]},{\"@type\":\"WebSite\",\"@id\":\"https:\\\/\\\/kesem.co.il\\\/#website\",\"url\":\"https:\\\/\\\/kesem.co.il\\\/\",\"name\":\"\u05e1\u05d5\u05d5\u05d9\u05d8\u05d5\u05ea \u05d1\u05e0\u05ea\u05e0\u05d9\u05d4 - \u05e7\u05e1\u05dd \u05e2\u05dc \u05d4\u05d9\u05dd\",\"description\":\"\u05d7\u05d5\u05e4\u05e9\u05d4 \u05d7\u05dc\u05d5\u05de\u05d9\u05ea \u05e2\u05dd \u05d2&#039;\u05e7\u05d5\u05d6\u05d9 \u05d0\u05d9\u05d8\u05dc\u05e7\u05d9 \u05d9\u05d7\u05d3 \u05e2\u05dd \u05e8\u05d7\u05e9 \u05d4\u05d2\u05dc\u05d9\u05dd \u05d5\u05d1\u05e8\u05d9\u05db\u05d4 \u05e4\u05e8\u05d8\u05d9\u05ea \u05d1\u05db\u05dc \u05d4\u05e1\u05d5\u05d5\u05d9\u05d8\u05d5\u05ea \u05d4\u05d9\u05d5\u05e7\u05e8\u05ea\u05d9\u05d5\u05ea \u05e9\u05dc\u05e0\u05d5 \u05d1\u05e0\u05ea\u05e0\u05d9\u05d4\",\"publisher\":{\"@id\":\"https:\\\/\\\/kesem.co.il\\\/#organization\"},\"potentialAction\":[{\"@type\":\"SearchAction\",\"target\":{\"@type\":\"EntryPoint\",\"urlTemplate\":\"https:\\\/\\\/kesem.co.il\\\/?s={search_term_string}\"},\"query-input\":{\"@type\":\"PropertyValueSpecification\",\"valueRequired\":true,\"valueName\":\"search_term_string\"}}],\"inLanguage\":\"fr-FR\"},{\"@type\":\"Organization\",\"@id\":\"https:\\\/\\\/kesem.co.il\\\/#organization\",\"name\":\"\u05e1\u05d5\u05d5\u05d9\u05d8\u05d5\u05ea \u05d1\u05e0\u05ea\u05e0\u05d9\u05d4 \u05e7\u05e1\u05dd \u05e2\u05dc \u05d4\u05d9\u05dd\",\"url\":\"https:\\\/\\\/kesem.co.il\\\/\",\"logo\":{\"@type\":\"ImageObject\",\"inLanguage\":\"fr-FR\",\"@id\":\"https:\\\/\\\/kesem.co.il\\\/#\\\/schema\\\/logo\\\/image\\\/\",\"url\":\"https:\\\/\\\/kesem.co.il\\\/wp-content\\\/uploads\\\/sites\\\/13\\\/2022\\\/08\\\/\u05e7\u05e1\u05dd-\u05e2\u05dc-\u05d4\u05d9\u05dd.png\",\"contentUrl\":\"https:\\\/\\\/kesem.co.il\\\/wp-content\\\/uploads\\\/sites\\\/13\\\/2022\\\/08\\\/\u05e7\u05e1\u05dd-\u05e2\u05dc-\u05d4\u05d9\u05dd.png\",\"width\":300,\"height\":300,\"caption\":\"\u05e1\u05d5\u05d5\u05d9\u05d8\u05d5\u05ea \u05d1\u05e0\u05ea\u05e0\u05d9\u05d4 \u05e7\u05e1\u05dd \u05e2\u05dc \u05d4\u05d9\u05dd\"},\"image\":{\"@id\":\"https:\\\/\\\/kesem.co.il\\\/#\\\/schema\\\/logo\\\/image\\\/\"},\"sameAs\":[\"https:\\\/\\\/www.facebook.com\\\/Kesem\\\/\",\"https:\\\/\\\/www.youtube.com\\\/channel\\\/UC5wMIoiYcxSuQcMAWevyF6A\"]}]}<\/script>\n<!-- \/ Yoast SEO plugin. -->","yoast_head_json":{"title":"Page d&#039;accueil - Suites \u00e0 Netanya - Magie sur la mer","description":"Suites de vacances luxueuses avec jacuzzi italien dans la chambre et piscine priv\u00e9e face aux vagues de l&#039;oc\u00e9an, id\u00e9ales pour les couples et les familles, style Airbnb. N&#039;oubliez pas votre canne \u00e0 p\u00eache pour p\u00eacher depuis le balcon.","robots":{"index":"index","follow":"follow","max-snippet":"max-snippet:-1","max-image-preview":"max-image-preview:large","max-video-preview":"max-video-preview:-1"},"canonical":"https:\/\/kesem.co.il\/fr\/","og_locale":"fr_FR","og_type":"article","og_title":"\u05e2\u05de\u05d5\u05d3 \u05d4\u05d1\u05d9\u05ea - \u05e1\u05d5\u05d5\u05d9\u05d8\u05d5\u05ea \u05d1\u05e0\u05ea\u05e0\u05d9\u05d4 - \u05e7\u05e1\u05dd \u05e2\u05dc \u05d4\u05d9\u05dd","og_description":"\u05e1\u05d5\u05d5\u05d9\u05d8\u05d5\u05ea \u05e0\u05d5\u05e4\u05e9 \u05de\u05e4\u05d5\u05d0\u05e8\u05d5\u05ea \u05e2\u05dd \u05d2'\u05e7\u05d5\u05d6\u05d9 \u05d0\u05d9\u05d8\u05dc\u05e7\u05d9 \u05d1\u05d7\u05d3\u05e8 \u05d4\u05e9\u05d9\u05e0\u05d4 \u05d5\u05d1\u05e8\u05d9\u05db\u05d4 \u05e4\u05e8\u05d8\u05d9\u05ea \u05de\u05d5\u05dc \u05d2\u05dc\u05d9 \u05d4\u05d9\u05dd \u05dc\u05d6\u05d5\u05d2\u05d5\u05ea \u05d5\u05de\u05e9\u05e4\u05d7\u05d5\u05ea \u05d1\u05e1\u05d2\u05e0\u05d5\u05df AIRBNB \u05d0\u05dc \u05ea\u05e9\u05db\u05d7\u05d5 \u05dc\u05d4\u05d1\u05d9\u05d0 \u05d7\u05db\u05d4 \u05dc\u05d3\u05d5\u05d2 \u05d3\u05d2\u05d9\u05dd \u05de\u05d4\u05de\u05e8\u05e4\u05e1\u05ea.","og_url":"https:\/\/kesem.co.il\/fr\/","og_site_name":"\u05e1\u05d5\u05d5\u05d9\u05d8\u05d5\u05ea \u05d1\u05e0\u05ea\u05e0\u05d9\u05d4 - \u05e7\u05e1\u05dd \u05e2\u05dc \u05d4\u05d9\u05dd","article_publisher":"https:\/\/www.facebook.com\/Kesem\/","article_modified_time":"2023-04-19T14:54:20+00:00","og_image":[{"width":300,"height":300,"url":"https:\/\/kesem.co.il\/wp-content\/uploads\/sites\/13\/2022\/08\/\u05e7\u05e1\u05dd-\u05e2\u05dc-\u05d4\u05d9\u05dd.png","type":"image\/png"}],"twitter_card":"summary_large_image","schema":{"@context":"https:\/\/schema.org","@graph":[{"@type":"WebPage","@id":"https:\/\/kesem.co.il\/","url":"https:\/\/kesem.co.il\/","name":"Page d&#039;accueil - Suites \u00e0 Netanya - Magie sur la mer","isPartOf":{"@id":"https:\/\/kesem.co.il\/#website"},"primaryImageOfPage":{"@id":"https:\/\/kesem.co.il\/#primaryimage"},"image":{"@id":"https:\/\/kesem.co.il\/#primaryimage"},"thumbnailUrl":"https:\/\/kesem.co.il\/wp-content\/uploads\/sites\/13\/2022\/08\/\u05e7\u05e1\u05dd-\u05e2\u05dc-\u05d4\u05d9\u05dd.png","datePublished":"2022-08-11T10:34:17+00:00","dateModified":"2023-04-19T14:54:20+00:00","description":"Suites de vacances luxueuses avec jacuzzi italien dans la chambre et piscine priv\u00e9e face aux vagues de l&#039;oc\u00e9an, id\u00e9ales pour les couples et les familles, style Airbnb. N&#039;oubliez pas votre canne \u00e0 p\u00eache pour p\u00eacher depuis le balcon.","breadcrumb":{"@id":"https:\/\/kesem.co.il\/#breadcrumb"},"inLanguage":"fr-FR","potentialAction":[{"@type":"ReadAction","target":["https:\/\/kesem.co.il\/"]}]},{"@type":"ImageObject","inLanguage":"fr-FR","@id":"https:\/\/kesem.co.il\/#primaryimage","url":"https:\/\/kesem.co.il\/wp-content\/uploads\/sites\/13\/2022\/08\/\u05e7\u05e1\u05dd-\u05e2\u05dc-\u05d4\u05d9\u05dd.png","contentUrl":"https:\/\/kesem.co.il\/wp-content\/uploads\/sites\/13\/2022\/08\/\u05e7\u05e1\u05dd-\u05e2\u05dc-\u05d4\u05d9\u05dd.png","width":300,"height":300},{"@type":"BreadcrumbList","@id":"https:\/\/kesem.co.il\/#breadcrumb","itemListElement":[{"@type":"ListItem","position":1,"name":"\u05d3\u05e3 \u05d4\u05d1\u05d9\u05ea","item":"https:\/\/kesem.co.il\/"},{"@type":"ListItem","position":2,"name":"\u05e2\u05de\u05d5\u05d3 \u05d4\u05d1\u05d9\u05ea"}]},{"@type":"WebSite","@id":"https:\/\/kesem.co.il\/#website","url":"https:\/\/kesem.co.il\/","name":"Suites \u00e0 Netanya \u2013 Magie sur la mer","description":"Des vacances de r\u00eave avec un jacuzzi italien accompagn\u00e9 du bruit des vagues et d&#039;une piscine priv\u00e9e dans toutes nos suites luxueuses \u00e0 Netanya","publisher":{"@id":"https:\/\/kesem.co.il\/#organization"},"potentialAction":[{"@type":"SearchAction","target":{"@type":"EntryPoint","urlTemplate":"https:\/\/kesem.co.il\/?s={search_term_string}"},"query-input":{"@type":"PropertyValueSpecification","valueRequired":true,"valueName":"search_term_string"}}],"inLanguage":"fr-FR"},{"@type":"Organization","@id":"https:\/\/kesem.co.il\/#organization","name":"Suites \u00e0 Netanya Magic by the Sea","url":"https:\/\/kesem.co.il\/","logo":{"@type":"ImageObject","inLanguage":"fr-FR","@id":"https:\/\/kesem.co.il\/#\/schema\/logo\/image\/","url":"https:\/\/kesem.co.il\/wp-content\/uploads\/sites\/13\/2022\/08\/\u05e7\u05e1\u05dd-\u05e2\u05dc-\u05d4\u05d9\u05dd.png","contentUrl":"https:\/\/kesem.co.il\/wp-content\/uploads\/sites\/13\/2022\/08\/\u05e7\u05e1\u05dd-\u05e2\u05dc-\u05d4\u05d9\u05dd.png","width":300,"height":300,"caption":"\u05e1\u05d5\u05d5\u05d9\u05d8\u05d5\u05ea \u05d1\u05e0\u05ea\u05e0\u05d9\u05d4 \u05e7\u05e1\u05dd \u05e2\u05dc \u05d4\u05d9\u05dd"},"image":{"@id":"https:\/\/kesem.co.il\/#\/schema\/logo\/image\/"},"sameAs":["https:\/\/www.facebook.com\/Kesem\/","https:\/\/www.youtube.com\/channel\/UC5wMIoiYcxSuQcMAWevyF6A"]}]}},"_links":{"self":[{"href":"https:\/\/kesem.co.il\/fr\/wp-json\/wp\/v2\/pages\/9","targetHints":{"allow":["GET"]}}],"collection":[{"href":"https:\/\/kesem.co.il\/fr\/wp-json\/wp\/v2\/pages"}],"about":[{"href":"https:\/\/kesem.co.il\/fr\/wp-json\/wp\/v2\/types\/page"}],"author":[{"embeddable":true,"href":"https:\/\/kesem.co.il\/fr\/wp-json\/wp\/v2\/users\/1003"}],"replies":[{"embeddable":true,"href":"https:\/\/kesem.co.il\/fr\/wp-json\/wp\/v2\/comments?post=9"}],"version-history":[{"count":1,"href":"https:\/\/kesem.co.il\/fr\/wp-json\/wp\/v2\/pages\/9\/revisions"}],"predecessor-version":[{"id":10,"href":"https:\/\/kesem.co.il\/fr\/wp-json\/wp\/v2\/pages\/9\/revisions\/10"}],"wp:featuredmedia":[{"embeddable":true,"href":"https:\/\/kesem.co.il\/fr\/wp-json\/wp\/v2\/media\/8"}],"wp:attachment":[{"href":"https:\/\/kesem.co.il\/fr\/wp-json\/wp\/v2\/media?parent=9"}],"curies":[{"name":"wp","href":"https:\/\/api.w.org\/{rel}","templated":true}]}}